{"id":967,"date":"2019-10-03T23:25:41","date_gmt":"2019-10-03T23:25:41","guid":{"rendered":"https:\/\/oregonlawcenter.org\/?page_id=967"},"modified":"2025-01-24T21:37:07","modified_gmt":"2025-01-24T21:37:07","slug":"lane-county-legal-aid-office","status":"publish","type":"page","link":"https:\/\/oregonlawcenter.org\/es\/how-to-get-help\/olc-offices\/lane-county-legal-aid-office\/","title":{"rendered":"Oficina Legal del Condado de Lane"},"content":{"rendered":"<div data-elementor-type=\"wp-page\" data-elementor-id=\"967\" class=\"elementor elementor-967\" data-elementor-post-type=\"page\">\n\t\t\t\t\t\t<section class=\"elementor-section elementor-top-section elementor-element elementor-element-127c6c83 elementor-section-full_width elementor-section-content-middle elementor-section-stretched elementor-section-items-top elementor-section-height-min-height elementor-section-height-default\" data-id=\"127c6c83\" data-element_type=\"section\" data-e-type=\"section\" data-settings=\"{&quot;stretch_section&quot;:&quot;section-stretched&quot;,&quot;background_background&quot;:&quot;classic&quot;}\">\n\t\t\t\t\t\t<div class=\"elementor-container elementor-column-gap-no\">\n\t\t\t\t\t<div class=\"elementor-column elementor-col-100 elementor-top-column elementor-element elementor-element-4c70d7b4\" data-id=\"4c70d7b4\" data-element_type=\"column\" data-e-type=\"column\">\n\t\t\t<div class=\"elementor-widget-wrap\">\n\t\t\t\t\t\t\t<\/div>\n\t\t<\/div>\n\t\t\t\t\t<\/div>\n\t\t<\/section>\n\t\t\t\t<section class=\"elementor-section elementor-top-section elementor-element elementor-element-4b3bd880 elementor-section-boxed elementor-section-height-default elementor-section-height-default\" data-id=\"4b3bd880\" data-element_type=\"section\" data-e-type=\"section\">\n\t\t\t\t\t\t<div class=\"elementor-container elementor-column-gap-default\">\n\t\t\t\t\t<div class=\"elementor-column elementor-col-100 elementor-top-column elementor-element elementor-element-1a668e6c\" data-id=\"1a668e6c\" data-element_type=\"column\" data-e-type=\"column\">\n\t\t\t<div class=\"elementor-widget-wrap elementor-element-populated\">\n\t\t\t\t\t\t<div class=\"elementor-element elementor-element-758a130 elementor-widget elementor-widget-heading\" data-id=\"758a130\" data-element_type=\"widget\" data-e-type=\"widget\" data-widget_type=\"heading.default\">\n\t\t\t\t<div class=\"elementor-widget-container\">\n\t\t\t\t\t<h1 class=\"elementor-heading-title elementor-size-default\">Oficina Legal del Condado de Lane<\/h1>\t\t\t\t<\/div>\n\t\t\t\t<\/div>\n\t\t\t\t\t<\/div>\n\t\t<\/div>\n\t\t\t\t\t<\/div>\n\t\t<\/section>\n\t\t\t\t<section class=\"elementor-section elementor-top-section elementor-element elementor-element-999d6f7 elementor-section-stretched elementor-section-full_width elementor-section-height-default elementor-section-height-default\" data-id=\"999d6f7\" data-element_type=\"section\" data-e-type=\"section\" data-settings=\"{&quot;stretch_section&quot;:&quot;section-stretched&quot;}\">\n\t\t\t\t\t\t<div class=\"elementor-container elementor-column-gap-wide\">\n\t\t\t\t\t<div class=\"elementor-column elementor-col-66 elementor-top-column elementor-element elementor-element-18de152b\" data-id=\"18de152b\" data-element_type=\"column\" data-e-type=\"column\">\n\t\t\t<div class=\"elementor-widget-wrap elementor-element-populated\">\n\t\t\t\t\t\t<div class=\"elementor-element elementor-element-61b1b253 elementor-widget elementor-widget-text-editor\" data-id=\"61b1b253\" data-element_type=\"widget\" data-e-type=\"widget\" data-widget_type=\"text-editor.default\">\n\t\t\t\t<div class=\"elementor-widget-container\">\n\t\t\t\t\t\t\t\t\t<p>La Oficina de Ayuda Legal del Condado de Lane ayuda a la comunidad de bajos recursos en todo el Condado de Lane. Aceptamos casos basados en las prioridades que se establecen a trav\u00e9s de una evaluaci\u00f3n de las necesidades del cliente. Tomamos en cuenta una amplia variedad de problemas, y los casos que generalmente manejamos est\u00e1n relacionados con la ley de vivienda, beneficios p\u00fablicos, ley familiar y problemas de violencia dom\u00e9stica. Nuestra oficina en Eugene est\u00e1 abierta de 9 a.m. a 5 p.m. de lunes a viernes. Estamos cerrados durante el horario de almuerzo de 11:45am a 12:45pm. Si no puede venir a nuestra oficina, tambi\u00e9n pueden comunicarse con nosotros por tel\u00e9fono al <a href=\"tel:015414851017\">541-485-1017<\/a> o al n\u00famero gratuito <a href=\"tel:018445958330\">1-844-595-8330<\/a>. Tenemos personal en la oficina que habla ingl\u00e9s y espa\u00f1ol y podemos proporcionar int\u00e9rpretes para otros idiomas.<\/p><p>Tambi\u00e9n ayudamos a las de personas de la tercera edad en Eugene gracias a los servicios de nuestros abogados voluntarios que trabajan con nuestro Programa de Servicios para Personas de la Tercera Edad. Para obtener m\u00e1s informaci\u00f3n sobre este programa, visite nuestra <a href=\"http:\/\/oregonlawcenter.org\/es\/lane-county-senior-service-program\/\">p\u00e1gina de Servicios para Personas de la Tercera Edad.<\/a><\/p>\t\t\t\t\t\t\t\t<\/div>\n\t\t\t\t<\/div>\n\t\t\t\t\t<\/div>\n\t\t<\/div>\n\t\t\t\t<div class=\"elementor-column elementor-col-33 elementor-top-column elementor-element elementor-element-3e893bc7\" data-id=\"3e893bc7\" data-element_type=\"column\" data-e-type=\"column\" data-settings=\"{&quot;background_background&quot;:&quot;classic&quot;}\">\n\t\t\t<div class=\"elementor-widget-wrap elementor-element-populated\">\n\t\t\t\t\t\t<div class=\"elementor-element elementor-element-60496e49 elementor-widget elementor-widget-text-editor\" data-id=\"60496e49\" data-element_type=\"widget\" data-e-type=\"widget\" data-widget_type=\"text-editor.default\">\n\t\t\t\t<div class=\"elementor-widget-container\">\n\t\t\t\t\t\t\t\t\t<p><strong>Lane County Legal Aid\/Oregon Law Center<\/strong><\/p><p>101 East Broadway<br \/>Suite 200<br \/>Eugene, OR 97401<\/p><p><span style=\"color: #ffffff;\"><a style=\"color: #ffffff;\" href=\"tel: 015414851017\">(541) 485-1017<\/a><\/span><\/p>\t\t\t\t\t\t\t\t<\/div>\n\t\t\t\t<\/div>\n\t\t\t\t<div class=\"elementor-element elementor-element-f98afeb elementor-widget elementor-widget-google_maps\" data-id=\"f98afeb\" data-element_type=\"widget\" data-e-type=\"widget\" data-widget_type=\"google_maps.default\">\n\t\t\t\t<div class=\"elementor-widget-container\">\n\t\t\t\t\t\t\t<div class=\"elementor-custom-embed\">\n\t\t\t<iframe loading=\"lazy\"\n\t\t\t\t\tsrc=\"https:\/\/maps.google.com\/maps?q=101%20East%20Broadway%2C%20Eugene%2C%20Oregon&#038;t=m&#038;z=15&#038;output=embed&#038;iwloc=near\"\n\t\t\t\t\ttitle=\"101 East Broadway, Eugene, Oregon\"\n\t\t\t\t\taria-label=\"101 East Broadway, Eugene, Oregon\"\n\t\t\t><\/iframe>\n\t\t<\/div>\n\t\t\t\t\t\t<\/div>\n\t\t\t\t<\/div>\n\t\t\t\t\t<\/div>\n\t\t<\/div>\n\t\t\t\t\t<\/div>\n\t\t<\/section>\n\t\t\t\t<section class=\"elementor-section elementor-top-section elementor-element elementor-element-3f11a3c2 elementor-section-boxed elementor-section-height-default elementor-section-height-default\" data-id=\"3f11a3c2\" data-element_type=\"section\" data-e-type=\"section\">\n\t\t\t\t\t\t<div class=\"elementor-container elementor-column-gap-default\">\n\t\t\t\t\t<div class=\"elementor-column elementor-col-100 elementor-top-column elementor-element elementor-element-1469d80c\" data-id=\"1469d80c\" data-element_type=\"column\" data-e-type=\"column\">\n\t\t\t<div class=\"elementor-widget-wrap elementor-element-populated\">\n\t\t\t\t\t\t<div class=\"elementor-element elementor-element-5b165e56 elementor-align-center elementor-widget elementor-widget-button\" data-id=\"5b165e56\" data-element_type=\"widget\" data-e-type=\"widget\" data-widget_type=\"button.default\">\n\t\t\t\t<div class=\"elementor-widget-container\">\n\t\t\t\t\t\t\t\t\t<div class=\"elementor-button-wrapper\">\n\t\t\t\t\t<a class=\"elementor-button elementor-button-link elementor-size-md\" href=\"https:\/\/oregonlawcenter.org\/es\/how-to-get-help\/find-your-local-office\/\">\n\t\t\t\t\t\t<span class=\"elementor-button-content-wrapper\">\n\t\t\t\t\t\t\t\t\t<span class=\"elementor-button-text\">Encuentre su Oficina Local.<\/span>\n\t\t\t\t\t<\/span>\n\t\t\t\t\t<\/a>\n\t\t\t\t<\/div>\n\t\t\t\t\t\t\t\t<\/div>\n\t\t\t\t<\/div>\n\t\t\t\t\t<\/div>\n\t\t<\/div>\n\t\t\t\t\t<\/div>\n\t\t<\/section>\n\t\t\t\t<section class=\"elementor-section elementor-top-section elementor-element elementor-element-46ce3a60 elementor-section-full_width elementor-section-height-min-height elementor-section-items-bottom elementor-section-content-bottom elementor-section-stretched elementor-hidden-phone elementor-section-height-default\" data-id=\"46ce3a60\" data-element_type=\"section\" data-e-type=\"section\" data-settings=\"{&quot;background_background&quot;:&quot;classic&quot;,&quot;stretch_section&quot;:&quot;section-stretched&quot;}\">\n\t\t\t\t\t\t<div class=\"elementor-container elementor-column-gap-no\">\n\t\t\t\t\t<div class=\"elementor-column elementor-col-100 elementor-top-column elementor-element elementor-element-5de2017\" data-id=\"5de2017\" data-element_type=\"column\" data-e-type=\"column\">\n\t\t\t<div class=\"elementor-widget-wrap\">\n\t\t\t\t\t\t\t<\/div>\n\t\t<\/div>\n\t\t\t\t\t<\/div>\n\t\t<\/section>\n\t\t\t\t<\/div>","protected":false},"excerpt":{"rendered":"<p>Lane County Legal Aid Office The Lane County Legal Aid Office of Oregon Law Center serves the low-income community throughout Lane County. We accept cases based on priorities that are set through a client needs assessment. While we do intake on a wide variety of issues, the cases we typically handle are related to housing,&hellip;&nbsp;<a href=\"https:\/\/oregonlawcenter.org\/es\/how-to-get-help\/olc-offices\/lane-county-legal-aid-office\/\" rel=\"bookmark\">Leer m\u00e1s &raquo;<span class=\"screen-reader-text\">Oficina Legal del Condado de Lane<\/span><\/a><\/p>","protected":false},"author":1,"featured_media":0,"parent":327,"menu_order":0,"comment_status":"closed","ping_status":"closed","template":"","meta":{"_monsterinsights_skip_tracking":false,"_monsterinsights_sitenote_active":false,"_monsterinsights_sitenote_note":"","_monsterinsights_sitenote_category":0,"neve_meta_sidebar":"","neve_meta_container":"","neve_meta_enable_content_width":"","neve_meta_content_width":70,"neve_meta_title_alignment":"","neve_meta_author_avatar":"","neve_post_elements_order":"","neve_meta_disable_header":"","neve_meta_disable_footer":"","neve_meta_disable_title":"on","footnotes":""},"class_list":["post-967","page","type-page","status-publish","hentry"],"yoast_head":"<!-- This site is optimized with the Yoast SEO plugin v27.4 - https:\/\/yoast.com\/product\/yoast-seo-wordpress\/ -->\n<title>Lane County Legal Aid Office - Oregon Law Center<\/title>\n<meta name=\"robots\" content=\"index, follow, max-snippet:-1, max-image-preview:large, max-video-preview:-1\" \/>\n<link rel=\"canonical\" href=\"https:\/\/oregonlawcenter.org\/es\/how-to-get-help\/olc-offices\/lane-county-legal-aid-office\/\" \/>\n<meta property=\"og:locale\" content=\"es_ES\" \/>\n<meta property=\"og:type\" content=\"article\" \/>\n<meta property=\"og:title\" content=\"Lane County Legal Aid Office - Oregon Law Center\" \/>\n<meta property=\"og:description\" content=\"Lane County Legal Aid Office The Lane County Legal Aid Office of Oregon Law Center serves the low-income community throughout Lane County. We accept cases based on priorities that are set through a client needs assessment. While we do intake on a wide variety of issues, the cases we typically handle are related to housing,&hellip;&nbsp;Leer m\u00e1s &raquo;Lane County Legal Aid Office\" \/>\n<meta property=\"og:url\" content=\"https:\/\/oregonlawcenter.org\/es\/how-to-get-help\/olc-offices\/lane-county-legal-aid-office\/\" \/>\n<meta property=\"og:site_name\" content=\"Oregon Law Center\" \/>\n<meta property=\"article:publisher\" content=\"https:\/\/www.facebook.com\/OregonLawHelp\/\" \/>\n<meta property=\"article:modified_time\" content=\"2025-01-24T21:37:07+00:00\" \/>\n<meta property=\"og:image\" content=\"https:\/\/oregonlawcenter.org\/wp-content\/uploads\/2019\/06\/OLC-logo-text-only.png\" \/>\n\t<meta property=\"og:image:width\" content=\"740\" \/>\n\t<meta property=\"og:image:height\" content=\"288\" \/>\n\t<meta property=\"og:image:type\" content=\"image\/png\" \/>\n<meta name=\"twitter:card\" content=\"summary_large_image\" \/>\n<meta name=\"twitter:label1\" content=\"Tiempo de lectura\" \/>\n\t<meta name=\"twitter:data1\" content=\"1 minuto\" \/>\n<script type=\"application\/ld+json\" class=\"yoast-schema-graph\">{\"@context\":\"https:\\\/\\\/schema.org\",\"@graph\":[{\"@type\":\"WebPage\",\"@id\":\"https:\\\/\\\/oregonlawcenter.org\\\/how-to-get-help\\\/olc-offices\\\/lane-county-legal-aid-office\\\/\",\"url\":\"https:\\\/\\\/oregonlawcenter.org\\\/how-to-get-help\\\/olc-offices\\\/lane-county-legal-aid-office\\\/\",\"name\":\"Lane County Legal Aid Office - Oregon Law Center\",\"isPartOf\":{\"@id\":\"https:\\\/\\\/oregonlawcenter.org\\\/#website\"},\"datePublished\":\"2019-10-03T23:25:41+00:00\",\"dateModified\":\"2025-01-24T21:37:07+00:00\",\"breadcrumb\":{\"@id\":\"https:\\\/\\\/oregonlawcenter.org\\\/how-to-get-help\\\/olc-offices\\\/lane-county-legal-aid-office\\\/#breadcrumb\"},\"inLanguage\":\"es\",\"potentialAction\":[{\"@type\":\"ReadAction\",\"target\":[\"https:\\\/\\\/oregonlawcenter.org\\\/how-to-get-help\\\/olc-offices\\\/lane-county-legal-aid-office\\\/\"]}]},{\"@type\":\"BreadcrumbList\",\"@id\":\"https:\\\/\\\/oregonlawcenter.org\\\/how-to-get-help\\\/olc-offices\\\/lane-county-legal-aid-office\\\/#breadcrumb\",\"itemListElement\":[{\"@type\":\"ListItem\",\"position\":1,\"name\":\"Home\",\"item\":\"https:\\\/\\\/oregonlawcenter.org\\\/\"},{\"@type\":\"ListItem\",\"position\":2,\"name\":\"How to get help\",\"item\":\"https:\\\/\\\/oregonlawcenter.org\\\/how-to-get-help\\\/\"},{\"@type\":\"ListItem\",\"position\":3,\"name\":\"OLC Offices\",\"item\":\"https:\\\/\\\/oregonlawcenter.org\\\/how-to-get-help\\\/olc-offices\\\/\"},{\"@type\":\"ListItem\",\"position\":4,\"name\":\"Lane County Legal Aid Office\"}]},{\"@type\":\"WebSite\",\"@id\":\"https:\\\/\\\/oregonlawcenter.org\\\/#website\",\"url\":\"https:\\\/\\\/oregonlawcenter.org\\\/\",\"name\":\"Oregon Law Center\",\"description\":\"Working together to achieve justice for low income Oregonians.\",\"publisher\":{\"@id\":\"https:\\\/\\\/oregonlawcenter.org\\\/#organization\"},\"potentialAction\":[{\"@type\":\"SearchAction\",\"target\":{\"@type\":\"EntryPoint\",\"urlTemplate\":\"https:\\\/\\\/oregonlawcenter.org\\\/?s={search_term_string}\"},\"query-input\":{\"@type\":\"PropertyValueSpecification\",\"valueRequired\":true,\"valueName\":\"search_term_string\"}}],\"inLanguage\":\"es\"},{\"@type\":\"Organization\",\"@id\":\"https:\\\/\\\/oregonlawcenter.org\\\/#organization\",\"name\":\"Oregon Law Center\",\"url\":\"https:\\\/\\\/oregonlawcenter.org\\\/\",\"logo\":{\"@type\":\"ImageObject\",\"inLanguage\":\"es\",\"@id\":\"https:\\\/\\\/oregonlawcenter.org\\\/#\\\/schema\\\/logo\\\/image\\\/\",\"url\":\"https:\\\/\\\/oregonlawcenter.org\\\/wp-content\\\/uploads\\\/2019\\\/06\\\/OLC-logo-text-only.png\",\"contentUrl\":\"https:\\\/\\\/oregonlawcenter.org\\\/wp-content\\\/uploads\\\/2019\\\/06\\\/OLC-logo-text-only.png\",\"width\":740,\"height\":288,\"caption\":\"Oregon Law Center\"},\"image\":{\"@id\":\"https:\\\/\\\/oregonlawcenter.org\\\/#\\\/schema\\\/logo\\\/image\\\/\"},\"sameAs\":[\"https:\\\/\\\/www.facebook.com\\\/OregonLawHelp\\\/\"]}]}<\/script>\n<!-- \/ Yoast SEO plugin. -->","yoast_head_json":{"title":"Lane County Legal Aid Office - Oregon Law Center","robots":{"index":"index","follow":"follow","max-snippet":"max-snippet:-1","max-image-preview":"max-image-preview:large","max-video-preview":"max-video-preview:-1"},"canonical":"https:\/\/oregonlawcenter.org\/es\/how-to-get-help\/olc-offices\/lane-county-legal-aid-office\/","og_locale":"es_ES","og_type":"article","og_title":"Lane County Legal Aid Office - Oregon Law Center","og_description":"Lane County Legal Aid Office The Lane County Legal Aid Office of Oregon Law Center serves the low-income community throughout Lane County. We accept cases based on priorities that are set through a client needs assessment. While we do intake on a wide variety of issues, the cases we typically handle are related to housing,&hellip;&nbsp;Leer m\u00e1s &raquo;Lane County Legal Aid Office","og_url":"https:\/\/oregonlawcenter.org\/es\/how-to-get-help\/olc-offices\/lane-county-legal-aid-office\/","og_site_name":"Oregon Law Center","article_publisher":"https:\/\/www.facebook.com\/OregonLawHelp\/","article_modified_time":"2025-01-24T21:37:07+00:00","og_image":[{"width":740,"height":288,"url":"https:\/\/oregonlawcenter.org\/wp-content\/uploads\/2019\/06\/OLC-logo-text-only.png","type":"image\/png"}],"twitter_card":"summary_large_image","twitter_misc":{"Tiempo de lectura":"1 minuto"},"schema":{"@context":"https:\/\/schema.org","@graph":[{"@type":"WebPage","@id":"https:\/\/oregonlawcenter.org\/how-to-get-help\/olc-offices\/lane-county-legal-aid-office\/","url":"https:\/\/oregonlawcenter.org\/how-to-get-help\/olc-offices\/lane-county-legal-aid-office\/","name":"Lane County Legal Aid Office - Oregon Law Center","isPartOf":{"@id":"https:\/\/oregonlawcenter.org\/#website"},"datePublished":"2019-10-03T23:25:41+00:00","dateModified":"2025-01-24T21:37:07+00:00","breadcrumb":{"@id":"https:\/\/oregonlawcenter.org\/how-to-get-help\/olc-offices\/lane-county-legal-aid-office\/#breadcrumb"},"inLanguage":"es","potentialAction":[{"@type":"ReadAction","target":["https:\/\/oregonlawcenter.org\/how-to-get-help\/olc-offices\/lane-county-legal-aid-office\/"]}]},{"@type":"BreadcrumbList","@id":"https:\/\/oregonlawcenter.org\/how-to-get-help\/olc-offices\/lane-county-legal-aid-office\/#breadcrumb","itemListElement":[{"@type":"ListItem","position":1,"name":"Home","item":"https:\/\/oregonlawcenter.org\/"},{"@type":"ListItem","position":2,"name":"How to get help","item":"https:\/\/oregonlawcenter.org\/how-to-get-help\/"},{"@type":"ListItem","position":3,"name":"OLC Offices","item":"https:\/\/oregonlawcenter.org\/how-to-get-help\/olc-offices\/"},{"@type":"ListItem","position":4,"name":"Lane County Legal Aid Office"}]},{"@type":"WebSite","@id":"https:\/\/oregonlawcenter.org\/#website","url":"https:\/\/oregonlawcenter.org\/","name":"Centro de Leyes de Oreg\u00f3n","description":"Working together to achieve justice for low income Oregonians.","publisher":{"@id":"https:\/\/oregonlawcenter.org\/#organization"},"potentialAction":[{"@type":"SearchAction","target":{"@type":"EntryPoint","urlTemplate":"https:\/\/oregonlawcenter.org\/?s={search_term_string}"},"query-input":{"@type":"PropertyValueSpecification","valueRequired":true,"valueName":"search_term_string"}}],"inLanguage":"es"},{"@type":"Organization","@id":"https:\/\/oregonlawcenter.org\/#organization","name":"Centro de Leyes de Oreg\u00f3n","url":"https:\/\/oregonlawcenter.org\/","logo":{"@type":"ImageObject","inLanguage":"es","@id":"https:\/\/oregonlawcenter.org\/#\/schema\/logo\/image\/","url":"https:\/\/oregonlawcenter.org\/wp-content\/uploads\/2019\/06\/OLC-logo-text-only.png","contentUrl":"https:\/\/oregonlawcenter.org\/wp-content\/uploads\/2019\/06\/OLC-logo-text-only.png","width":740,"height":288,"caption":"Oregon Law Center"},"image":{"@id":"https:\/\/oregonlawcenter.org\/#\/schema\/logo\/image\/"},"sameAs":["https:\/\/www.facebook.com\/OregonLawHelp\/"]}]}},"_links":{"self":[{"href":"https:\/\/oregonlawcenter.org\/es\/wp-json\/wp\/v2\/pages\/967","targetHints":{"allow":["GET"]}}],"collection":[{"href":"https:\/\/oregonlawcenter.org\/es\/wp-json\/wp\/v2\/pages"}],"about":[{"href":"https:\/\/oregonlawcenter.org\/es\/wp-json\/wp\/v2\/types\/page"}],"author":[{"embeddable":true,"href":"https:\/\/oregonlawcenter.org\/es\/wp-json\/wp\/v2\/users\/1"}],"replies":[{"embeddable":true,"href":"https:\/\/oregonlawcenter.org\/es\/wp-json\/wp\/v2\/comments?post=967"}],"version-history":[{"count":20,"href":"https:\/\/oregonlawcenter.org\/es\/wp-json\/wp\/v2\/pages\/967\/revisions"}],"predecessor-version":[{"id":3790,"href":"https:\/\/oregonlawcenter.org\/es\/wp-json\/wp\/v2\/pages\/967\/revisions\/3790"}],"up":[{"embeddable":true,"href":"https:\/\/oregonlawcenter.org\/es\/wp-json\/wp\/v2\/pages\/327"}],"wp:attachment":[{"href":"https:\/\/oregonlawcenter.org\/es\/wp-json\/wp\/v2\/media?parent=967"}],"curies":[{"name":"wp","href":"https:\/\/api.w.org\/{rel}","templated":true}]}}