{"id":555,"date":"2019-09-05T00:04:54","date_gmt":"2019-09-05T00:04:54","guid":{"rendered":"https:\/\/oregonlawcenter.org\/?page_id=555"},"modified":"2025-01-24T21:50:54","modified_gmt":"2025-01-24T21:50:54","slug":"statewide-administration","status":"publish","type":"page","link":"https:\/\/oregonlawcenter.org\/es\/how-to-get-help\/olc-offices\/statewide-administration\/","title":{"rendered":"Administraci\u00f3n"},"content":{"rendered":"<div data-elementor-type=\"wp-page\" data-elementor-id=\"555\" class=\"elementor elementor-555\" data-elementor-post-type=\"page\">\n\t\t\t\t\t\t<section class=\"elementor-section elementor-top-section elementor-element elementor-element-36bf3d37 elementor-section-full_width elementor-section-content-middle elementor-section-stretched elementor-section-items-top elementor-section-height-min-height elementor-hidden-phone elementor-section-height-default\" data-id=\"36bf3d37\" data-element_type=\"section\" data-e-type=\"section\" data-settings=\"{&quot;stretch_section&quot;:&quot;section-stretched&quot;,&quot;background_background&quot;:&quot;classic&quot;}\">\n\t\t\t\t\t\t<div class=\"elementor-container elementor-column-gap-no\">\n\t\t\t\t\t<div class=\"elementor-column elementor-col-100 elementor-top-column elementor-element elementor-element-40a0ce02\" data-id=\"40a0ce02\" data-element_type=\"column\" data-e-type=\"column\">\n\t\t\t<div class=\"elementor-widget-wrap\">\n\t\t\t\t\t\t\t<\/div>\n\t\t<\/div>\n\t\t\t\t\t<\/div>\n\t\t<\/section>\n\t\t\t\t<section class=\"elementor-section elementor-top-section elementor-element elementor-element-1fd16e01 elementor-section-boxed elementor-section-height-default elementor-section-height-default\" data-id=\"1fd16e01\" data-element_type=\"section\" data-e-type=\"section\">\n\t\t\t\t\t\t<div class=\"elementor-container elementor-column-gap-default\">\n\t\t\t\t\t<div class=\"elementor-column elementor-col-100 elementor-top-column elementor-element elementor-element-80c43cb\" data-id=\"80c43cb\" data-element_type=\"column\" data-e-type=\"column\">\n\t\t\t<div class=\"elementor-widget-wrap elementor-element-populated\">\n\t\t\t\t\t\t<div class=\"elementor-element elementor-element-6b0fdeec elementor-widget elementor-widget-heading\" data-id=\"6b0fdeec\" data-element_type=\"widget\" data-e-type=\"widget\" data-widget_type=\"heading.default\">\n\t\t\t\t<div class=\"elementor-widget-container\">\n\t\t\t\t\t<h1 class=\"elementor-heading-title elementor-size-default\">Administraci\u00f3n<\/h1>\t\t\t\t<\/div>\n\t\t\t\t<\/div>\n\t\t\t\t\t<\/div>\n\t\t<\/div>\n\t\t\t\t\t<\/div>\n\t\t<\/section>\n\t\t\t\t<section class=\"elementor-section elementor-top-section elementor-element elementor-element-74460971 elementor-section-boxed elementor-section-height-default elementor-section-height-default\" data-id=\"74460971\" data-element_type=\"section\" data-e-type=\"section\">\n\t\t\t\t\t\t<div class=\"elementor-container elementor-column-gap-default\">\n\t\t\t\t\t<div class=\"elementor-column elementor-col-100 elementor-top-column elementor-element elementor-element-21b121b5\" data-id=\"21b121b5\" data-element_type=\"column\" data-e-type=\"column\">\n\t\t\t<div class=\"elementor-widget-wrap elementor-element-populated\">\n\t\t\t\t\t\t<div class=\"elementor-element elementor-element-7c52c5dd elementor-widget elementor-widget-text-editor\" data-id=\"7c52c5dd\" data-element_type=\"widget\" data-e-type=\"widget\" data-widget_type=\"text-editor.default\">\n\t\t\t\t<div class=\"elementor-widget-container\">\n\t\t\t\t\t\t\t\t\t<p>La oficina de la administraci\u00f3n estatal de OLC es responsible para trabajar con la junta  directiva para mantener un programa estable que eficientemente e eficazmente atiende a clients por todo el estado conforme con las Normas y Directrices del Estado de Oregon Servicios Jur\u00eddicos y las Normas de la Asociaci\u00f3n de la Barra de Abogados Americanos para la Provisi\u00f3n Civil de Ayuda Legal.  La oficina administrativa proporciona planificaci\u00f3n estrat\u00e9gico, prioridades de abogac\u00eda, apoyo de la junta directiva, las pol\u00edticas, recursos humanos, contabilidad, cronometraje, n\u00f3minas, programas de jubilaci\u00f3n, beneficios m\u00e9dicos, seguros, bancaria, conformidad de subvenci\u00f3n, contractos, arrendamiento, tecnolog\u00eda, equipo y similar servicios de administrati\u00f3n.  Es responsable por trabajar en colaboraci\u00f3n con los socios de la comunidad para aplicar la misi\u00f3n y las normas. Como una organizaci\u00f3n ben\u00e9fico que ofrece servicios profesionales gratis a clientes de bajos ingresos, OLC intenta maximizar el n\u00famero de posiciones que dan servicios a los clientes a trav\u00e9s de  oficinas ubicadas en diez comunidades por todo el estado, mientras reteniendo los seis posiciones administrativos que son necesarios para mantener una organizaci\u00f3n estable.<\/p><p><a href=\"https:\/\/oregonlawcenter.org\/es\/statewide-administration-staff\/\">Conozca a Nuestro Personal<\/a><\/p>\t\t\t\t\t\t\t\t<\/div>\n\t\t\t\t<\/div>\n\t\t\t\t\t<\/div>\n\t\t<\/div>\n\t\t\t\t\t<\/div>\n\t\t<\/section>\n\t\t\t\t<section class=\"elementor-section elementor-top-section elementor-element elementor-element-267d8d4c elementor-section-boxed elementor-section-height-default elementor-section-height-default\" data-id=\"267d8d4c\" data-element_type=\"section\" data-e-type=\"section\">\n\t\t\t\t\t\t<div class=\"elementor-container elementor-column-gap-default\">\n\t\t\t\t\t<div class=\"elementor-column elementor-col-100 elementor-top-column elementor-element elementor-element-589613c7\" data-id=\"589613c7\" data-element_type=\"column\" data-e-type=\"column\">\n\t\t\t<div class=\"elementor-widget-wrap elementor-element-populated\">\n\t\t\t\t\t\t<div class=\"elementor-element elementor-element-1a598d81 elementor-align-center elementor-widget elementor-widget-button\" data-id=\"1a598d81\" data-element_type=\"widget\" data-e-type=\"widget\" data-widget_type=\"button.default\">\n\t\t\t\t<div class=\"elementor-widget-container\">\n\t\t\t\t\t\t\t\t\t<div class=\"elementor-button-wrapper\">\n\t\t\t\t\t<a class=\"elementor-button elementor-button-link elementor-size-md\" href=\"https:\/\/oregonlawcenter.org\/es\/how-to-get-help\/find-your-local-office\/\">\n\t\t\t\t\t\t<span class=\"elementor-button-content-wrapper\">\n\t\t\t\t\t\t\t\t\t<span class=\"elementor-button-text\">Encuentre su Oficina Local.<\/span>\n\t\t\t\t\t<\/span>\n\t\t\t\t\t<\/a>\n\t\t\t\t<\/div>\n\t\t\t\t\t\t\t\t<\/div>\n\t\t\t\t<\/div>\n\t\t\t\t\t<\/div>\n\t\t<\/div>\n\t\t\t\t\t<\/div>\n\t\t<\/section>\n\t\t\t\t<section class=\"elementor-section elementor-top-section elementor-element elementor-element-22ebbf99 elementor-section-full_width elementor-section-height-min-height elementor-section-items-bottom elementor-section-content-bottom elementor-section-stretched elementor-section-height-default\" data-id=\"22ebbf99\" data-element_type=\"section\" data-e-type=\"section\" data-settings=\"{&quot;background_background&quot;:&quot;classic&quot;,&quot;stretch_section&quot;:&quot;section-stretched&quot;}\">\n\t\t\t\t\t\t<div class=\"elementor-container elementor-column-gap-no\">\n\t\t\t\t\t<div class=\"elementor-column elementor-col-100 elementor-top-column elementor-element elementor-element-7182dbe3\" data-id=\"7182dbe3\" data-element_type=\"column\" data-e-type=\"column\">\n\t\t\t<div class=\"elementor-widget-wrap\">\n\t\t\t\t\t\t\t<\/div>\n\t\t<\/div>\n\t\t\t\t\t<\/div>\n\t\t<\/section>\n\t\t\t\t<\/div>","protected":false},"excerpt":{"rendered":"<p>Statewide Administration The statewide administration office of Oregon Law Center is responsible for working with the board of directors to maintain a stable program that efficiently and effectively serves clients statewide in compliance with the Oregon State Bar Legal Services Standards and Guidelines and the American Bar Association Standards for the Provision of Civil Legal&hellip;&nbsp;<a href=\"https:\/\/oregonlawcenter.org\/es\/how-to-get-help\/olc-offices\/statewide-administration\/\" rel=\"bookmark\">Leer m\u00e1s &raquo;<span class=\"screen-reader-text\">Administraci\u00f3n<\/span><\/a><\/p>","protected":false},"author":1,"featured_media":0,"parent":327,"menu_order":0,"comment_status":"closed","ping_status":"closed","template":"","meta":{"_monsterinsights_skip_tracking":false,"_monsterinsights_sitenote_active":false,"_monsterinsights_sitenote_note":"","_monsterinsights_sitenote_category":0,"neve_meta_sidebar":"","neve_meta_container":"","neve_meta_enable_content_width":"","neve_meta_content_width":70,"neve_meta_title_alignment":"","neve_meta_author_avatar":"","neve_post_elements_order":"","neve_meta_disable_header":"","neve_meta_disable_footer":"","neve_meta_disable_title":"on","footnotes":""},"class_list":["post-555","page","type-page","status-publish","hentry"],"yoast_head":"<!-- This site is optimized with the Yoast SEO plugin v27.5 - https:\/\/yoast.com\/product\/yoast-seo-wordpress\/ -->\n<title>Statewide Administration - Oregon Law Center<\/title>\n<meta name=\"robots\" content=\"index, follow, max-snippet:-1, max-image-preview:large, max-video-preview:-1\" \/>\n<link rel=\"canonical\" href=\"https:\/\/oregonlawcenter.org\/es\/how-to-get-help\/olc-offices\/statewide-administration\/\" \/>\n<meta property=\"og:locale\" content=\"es_ES\" \/>\n<meta property=\"og:type\" content=\"article\" \/>\n<meta property=\"og:title\" content=\"Statewide Administration - Oregon Law Center\" \/>\n<meta property=\"og:description\" content=\"Statewide Administration The statewide administration office of Oregon Law Center is responsible for working with the board of directors to maintain a stable program that efficiently and effectively serves clients statewide in compliance with the Oregon State Bar Legal Services Standards and Guidelines and the American Bar Association Standards for the Provision of Civil Legal&hellip;&nbsp;Leer m\u00e1s &raquo;Statewide Administration\" \/>\n<meta property=\"og:url\" content=\"https:\/\/oregonlawcenter.org\/es\/how-to-get-help\/olc-offices\/statewide-administration\/\" \/>\n<meta property=\"og:site_name\" content=\"Oregon Law Center\" \/>\n<meta property=\"article:publisher\" content=\"https:\/\/www.facebook.com\/OregonLawHelp\/\" \/>\n<meta property=\"article:modified_time\" content=\"2025-01-24T21:50:54+00:00\" \/>\n<meta property=\"og:image\" content=\"https:\/\/oregonlawcenter.org\/wp-content\/uploads\/2019\/06\/OLC-logo-text-only.png\" \/>\n\t<meta property=\"og:image:width\" content=\"740\" \/>\n\t<meta property=\"og:image:height\" content=\"288\" \/>\n\t<meta property=\"og:image:type\" content=\"image\/png\" \/>\n<meta name=\"twitter:card\" content=\"summary_large_image\" \/>\n<meta name=\"twitter:label1\" content=\"Tiempo de lectura\" \/>\n\t<meta name=\"twitter:data1\" content=\"1 minuto\" \/>\n<script type=\"application\/ld+json\" class=\"yoast-schema-graph\">{\"@context\":\"https:\\\/\\\/schema.org\",\"@graph\":[{\"@type\":\"WebPage\",\"@id\":\"https:\\\/\\\/oregonlawcenter.org\\\/how-to-get-help\\\/olc-offices\\\/statewide-administration\\\/\",\"url\":\"https:\\\/\\\/oregonlawcenter.org\\\/how-to-get-help\\\/olc-offices\\\/statewide-administration\\\/\",\"name\":\"Statewide Administration - Oregon Law Center\",\"isPartOf\":{\"@id\":\"https:\\\/\\\/oregonlawcenter.org\\\/#website\"},\"datePublished\":\"2019-09-05T00:04:54+00:00\",\"dateModified\":\"2025-01-24T21:50:54+00:00\",\"breadcrumb\":{\"@id\":\"https:\\\/\\\/oregonlawcenter.org\\\/how-to-get-help\\\/olc-offices\\\/statewide-administration\\\/#breadcrumb\"},\"inLanguage\":\"es\",\"potentialAction\":[{\"@type\":\"ReadAction\",\"target\":[\"https:\\\/\\\/oregonlawcenter.org\\\/how-to-get-help\\\/olc-offices\\\/statewide-administration\\\/\"]}]},{\"@type\":\"BreadcrumbList\",\"@id\":\"https:\\\/\\\/oregonlawcenter.org\\\/how-to-get-help\\\/olc-offices\\\/statewide-administration\\\/#breadcrumb\",\"itemListElement\":[{\"@type\":\"ListItem\",\"position\":1,\"name\":\"Home\",\"item\":\"https:\\\/\\\/oregonlawcenter.org\\\/\"},{\"@type\":\"ListItem\",\"position\":2,\"name\":\"How to get help\",\"item\":\"https:\\\/\\\/oregonlawcenter.org\\\/how-to-get-help\\\/\"},{\"@type\":\"ListItem\",\"position\":3,\"name\":\"OLC Offices\",\"item\":\"https:\\\/\\\/oregonlawcenter.org\\\/how-to-get-help\\\/olc-offices\\\/\"},{\"@type\":\"ListItem\",\"position\":4,\"name\":\"Statewide Administration\"}]},{\"@type\":\"WebSite\",\"@id\":\"https:\\\/\\\/oregonlawcenter.org\\\/#website\",\"url\":\"https:\\\/\\\/oregonlawcenter.org\\\/\",\"name\":\"Oregon Law Center\",\"description\":\"Working together to achieve justice for low income Oregonians.\",\"publisher\":{\"@id\":\"https:\\\/\\\/oregonlawcenter.org\\\/#organization\"},\"potentialAction\":[{\"@type\":\"SearchAction\",\"target\":{\"@type\":\"EntryPoint\",\"urlTemplate\":\"https:\\\/\\\/oregonlawcenter.org\\\/?s={search_term_string}\"},\"query-input\":{\"@type\":\"PropertyValueSpecification\",\"valueRequired\":true,\"valueName\":\"search_term_string\"}}],\"inLanguage\":\"es\"},{\"@type\":\"Organization\",\"@id\":\"https:\\\/\\\/oregonlawcenter.org\\\/#organization\",\"name\":\"Oregon Law Center\",\"url\":\"https:\\\/\\\/oregonlawcenter.org\\\/\",\"logo\":{\"@type\":\"ImageObject\",\"inLanguage\":\"es\",\"@id\":\"https:\\\/\\\/oregonlawcenter.org\\\/#\\\/schema\\\/logo\\\/image\\\/\",\"url\":\"https:\\\/\\\/oregonlawcenter.org\\\/wp-content\\\/uploads\\\/2019\\\/06\\\/OLC-logo-text-only.png\",\"contentUrl\":\"https:\\\/\\\/oregonlawcenter.org\\\/wp-content\\\/uploads\\\/2019\\\/06\\\/OLC-logo-text-only.png\",\"width\":740,\"height\":288,\"caption\":\"Oregon Law Center\"},\"image\":{\"@id\":\"https:\\\/\\\/oregonlawcenter.org\\\/#\\\/schema\\\/logo\\\/image\\\/\"},\"sameAs\":[\"https:\\\/\\\/www.facebook.com\\\/OregonLawHelp\\\/\"]}]}<\/script>\n<!-- \/ Yoast SEO plugin. -->","yoast_head_json":{"title":"Statewide Administration - Oregon Law Center","robots":{"index":"index","follow":"follow","max-snippet":"max-snippet:-1","max-image-preview":"max-image-preview:large","max-video-preview":"max-video-preview:-1"},"canonical":"https:\/\/oregonlawcenter.org\/es\/how-to-get-help\/olc-offices\/statewide-administration\/","og_locale":"es_ES","og_type":"article","og_title":"Statewide Administration - Oregon Law Center","og_description":"Statewide Administration The statewide administration office of Oregon Law Center is responsible for working with the board of directors to maintain a stable program that efficiently and effectively serves clients statewide in compliance with the Oregon State Bar Legal Services Standards and Guidelines and the American Bar Association Standards for the Provision of Civil Legal&hellip;&nbsp;Leer m\u00e1s &raquo;Statewide Administration","og_url":"https:\/\/oregonlawcenter.org\/es\/how-to-get-help\/olc-offices\/statewide-administration\/","og_site_name":"Oregon Law Center","article_publisher":"https:\/\/www.facebook.com\/OregonLawHelp\/","article_modified_time":"2025-01-24T21:50:54+00:00","og_image":[{"width":740,"height":288,"url":"https:\/\/oregonlawcenter.org\/wp-content\/uploads\/2019\/06\/OLC-logo-text-only.png","type":"image\/png"}],"twitter_card":"summary_large_image","twitter_misc":{"Tiempo de lectura":"1 minuto"},"schema":{"@context":"https:\/\/schema.org","@graph":[{"@type":"WebPage","@id":"https:\/\/oregonlawcenter.org\/how-to-get-help\/olc-offices\/statewide-administration\/","url":"https:\/\/oregonlawcenter.org\/how-to-get-help\/olc-offices\/statewide-administration\/","name":"Statewide Administration - Oregon Law Center","isPartOf":{"@id":"https:\/\/oregonlawcenter.org\/#website"},"datePublished":"2019-09-05T00:04:54+00:00","dateModified":"2025-01-24T21:50:54+00:00","breadcrumb":{"@id":"https:\/\/oregonlawcenter.org\/how-to-get-help\/olc-offices\/statewide-administration\/#breadcrumb"},"inLanguage":"es","potentialAction":[{"@type":"ReadAction","target":["https:\/\/oregonlawcenter.org\/how-to-get-help\/olc-offices\/statewide-administration\/"]}]},{"@type":"BreadcrumbList","@id":"https:\/\/oregonlawcenter.org\/how-to-get-help\/olc-offices\/statewide-administration\/#breadcrumb","itemListElement":[{"@type":"ListItem","position":1,"name":"Home","item":"https:\/\/oregonlawcenter.org\/"},{"@type":"ListItem","position":2,"name":"How to get help","item":"https:\/\/oregonlawcenter.org\/how-to-get-help\/"},{"@type":"ListItem","position":3,"name":"OLC Offices","item":"https:\/\/oregonlawcenter.org\/how-to-get-help\/olc-offices\/"},{"@type":"ListItem","position":4,"name":"Statewide Administration"}]},{"@type":"WebSite","@id":"https:\/\/oregonlawcenter.org\/#website","url":"https:\/\/oregonlawcenter.org\/","name":"Centro de Leyes de Oreg\u00f3n","description":"Working together to achieve justice for low income Oregonians.","publisher":{"@id":"https:\/\/oregonlawcenter.org\/#organization"},"potentialAction":[{"@type":"SearchAction","target":{"@type":"EntryPoint","urlTemplate":"https:\/\/oregonlawcenter.org\/?s={search_term_string}"},"query-input":{"@type":"PropertyValueSpecification","valueRequired":true,"valueName":"search_term_string"}}],"inLanguage":"es"},{"@type":"Organization","@id":"https:\/\/oregonlawcenter.org\/#organization","name":"Centro de Leyes de Oreg\u00f3n","url":"https:\/\/oregonlawcenter.org\/","logo":{"@type":"ImageObject","inLanguage":"es","@id":"https:\/\/oregonlawcenter.org\/#\/schema\/logo\/image\/","url":"https:\/\/oregonlawcenter.org\/wp-content\/uploads\/2019\/06\/OLC-logo-text-only.png","contentUrl":"https:\/\/oregonlawcenter.org\/wp-content\/uploads\/2019\/06\/OLC-logo-text-only.png","width":740,"height":288,"caption":"Oregon Law Center"},"image":{"@id":"https:\/\/oregonlawcenter.org\/#\/schema\/logo\/image\/"},"sameAs":["https:\/\/www.facebook.com\/OregonLawHelp\/"]}]}},"_links":{"self":[{"href":"https:\/\/oregonlawcenter.org\/es\/wp-json\/wp\/v2\/pages\/555","targetHints":{"allow":["GET"]}}],"collection":[{"href":"https:\/\/oregonlawcenter.org\/es\/wp-json\/wp\/v2\/pages"}],"about":[{"href":"https:\/\/oregonlawcenter.org\/es\/wp-json\/wp\/v2\/types\/page"}],"author":[{"embeddable":true,"href":"https:\/\/oregonlawcenter.org\/es\/wp-json\/wp\/v2\/users\/1"}],"replies":[{"embeddable":true,"href":"https:\/\/oregonlawcenter.org\/es\/wp-json\/wp\/v2\/comments?post=555"}],"version-history":[{"count":15,"href":"https:\/\/oregonlawcenter.org\/es\/wp-json\/wp\/v2\/pages\/555\/revisions"}],"predecessor-version":[{"id":3892,"href":"https:\/\/oregonlawcenter.org\/es\/wp-json\/wp\/v2\/pages\/555\/revisions\/3892"}],"up":[{"embeddable":true,"href":"https:\/\/oregonlawcenter.org\/es\/wp-json\/wp\/v2\/pages\/327"}],"wp:attachment":[{"href":"https:\/\/oregonlawcenter.org\/es\/wp-json\/wp\/v2\/media?parent=555"}],"curies":[{"name":"wp","href":"https:\/\/api.w.org\/{rel}","templated":true}]}}