{"id":534,"date":"2019-09-04T23:55:01","date_gmt":"2019-09-04T23:55:01","guid":{"rendered":"https:\/\/oregonlawcenter.org\/?page_id=534"},"modified":"2025-01-24T21:49:19","modified_gmt":"2025-01-24T21:49:19","slug":"gresham-farmworker","status":"publish","type":"page","link":"https:\/\/oregonlawcenter.org\/es\/how-to-get-help\/olc-offices\/gresham-farmworker\/","title":{"rendered":"Gresham Farmworker"},"content":{"rendered":"<div data-elementor-type=\"wp-page\" data-elementor-id=\"534\" class=\"elementor elementor-534\" data-elementor-post-type=\"page\">\n\t\t\t\t\t\t<section class=\"elementor-section elementor-top-section elementor-element elementor-element-5db9c33c elementor-section-full_width elementor-section-content-middle elementor-section-stretched elementor-section-items-top elementor-section-height-min-height elementor-section-height-default\" data-id=\"5db9c33c\" data-element_type=\"section\" data-e-type=\"section\" data-settings=\"{&quot;stretch_section&quot;:&quot;section-stretched&quot;,&quot;background_background&quot;:&quot;classic&quot;}\">\n\t\t\t\t\t\t<div class=\"elementor-container elementor-column-gap-no\">\n\t\t\t\t\t<div class=\"elementor-column elementor-col-100 elementor-top-column elementor-element elementor-element-7f02eae5\" data-id=\"7f02eae5\" data-element_type=\"column\" data-e-type=\"column\">\n\t\t\t<div class=\"elementor-widget-wrap\">\n\t\t\t\t\t\t\t<\/div>\n\t\t<\/div>\n\t\t\t\t\t<\/div>\n\t\t<\/section>\n\t\t\t\t<section class=\"elementor-section elementor-top-section elementor-element elementor-element-56182a10 elementor-section-boxed elementor-section-height-default elementor-section-height-default\" data-id=\"56182a10\" data-element_type=\"section\" data-e-type=\"section\">\n\t\t\t\t\t\t<div class=\"elementor-container elementor-column-gap-default\">\n\t\t\t\t\t<div class=\"elementor-column elementor-col-100 elementor-top-column elementor-element elementor-element-c0472e3\" data-id=\"c0472e3\" data-element_type=\"column\" data-e-type=\"column\">\n\t\t\t<div class=\"elementor-widget-wrap elementor-element-populated\">\n\t\t\t\t\t\t<div class=\"elementor-element elementor-element-51e2fa32 elementor-widget elementor-widget-heading\" data-id=\"51e2fa32\" data-element_type=\"widget\" data-e-type=\"widget\" data-widget_type=\"heading.default\">\n\t\t\t\t<div class=\"elementor-widget-container\">\n\t\t\t\t\t<h1 class=\"elementor-heading-title elementor-size-default\">Oficina para Trabajadores Agr\u00edcolas de Gresham<\/h1>\t\t\t\t<\/div>\n\t\t\t\t<\/div>\n\t\t\t\t\t<\/div>\n\t\t<\/div>\n\t\t\t\t\t<\/div>\n\t\t<\/section>\n\t\t\t\t<section class=\"elementor-section elementor-top-section elementor-element elementor-element-22707a95 elementor-section-stretched elementor-section-full_width elementor-section-height-default elementor-section-height-default\" data-id=\"22707a95\" data-element_type=\"section\" data-e-type=\"section\" data-settings=\"{&quot;stretch_section&quot;:&quot;section-stretched&quot;}\">\n\t\t\t\t\t\t<div class=\"elementor-container elementor-column-gap-wide\">\n\t\t\t\t\t<div class=\"elementor-column elementor-col-66 elementor-top-column elementor-element elementor-element-3dbe888c\" data-id=\"3dbe888c\" data-element_type=\"column\" data-e-type=\"column\">\n\t\t\t<div class=\"elementor-widget-wrap elementor-element-populated\">\n\t\t\t\t\t\t<div class=\"elementor-element elementor-element-2f2485bf elementor-widget elementor-widget-text-editor\" data-id=\"2f2485bf\" data-element_type=\"widget\" data-e-type=\"widget\" data-widget_type=\"text-editor.default\">\n\t\t\t\t<div class=\"elementor-widget-container\">\n\t\t\t\t\t\t\t\t\t<p>La Oficina de Trabajadores Agr\u00edcolas de Gresham del Centro de Leyes de Oregon, brinda asistencia a trabajadores agr\u00edcolas de bajos recursos en Oregon. Aceptamos casos concordes a la base de prioridades establecidas por las necesidades y evaluaciones de nuestros clientes. Los tipos de casos que normalmente tomamos son casos relacionados con el empleo como trabajador agr\u00edcola, incluyendo reclamos de sal\u00e1rialos, discriminaci\u00f3n, acoso sexual y reclamaciones bajo las leyes que se aplican a los contratistas agr\u00edcolas de mano de obra y los empresarios agr\u00edcolas, ley de vivienda y casos relacionados con la salud y seguridad ocupacional. Nuestra oficina est\u00e1 abierta de lunes a viernes de 9am-5pm y otras horas con cita previa. Todo el personal de nuestra oficina habla espa\u00f1ol e ingl\u00e9s, y otros miembros del personal tambi\u00e9n hablan mixteco. Podemos proporcionar int\u00e9rpretes para otros idiomas.<\/p>\t\t\t\t\t\t\t\t<\/div>\n\t\t\t\t<\/div>\n\t\t\t\t\t<\/div>\n\t\t<\/div>\n\t\t\t\t<div class=\"elementor-column elementor-col-33 elementor-top-column elementor-element elementor-element-9ebed0e\" data-id=\"9ebed0e\" data-element_type=\"column\" data-e-type=\"column\" data-settings=\"{&quot;background_background&quot;:&quot;classic&quot;}\">\n\t\t\t<div class=\"elementor-widget-wrap elementor-element-populated\">\n\t\t\t\t\t\t<div class=\"elementor-element elementor-element-27ab3f02 elementor-widget elementor-widget-text-editor\" data-id=\"27ab3f02\" data-element_type=\"widget\" data-e-type=\"widget\" data-widget_type=\"text-editor.default\">\n\t\t\t\t<div class=\"elementor-widget-container\">\n\t\t\t\t\t\t\t\t\t<p><strong>Oficina para Trabajadores Agr\u00edcolas de Gresham<\/strong><\/p><p>138 NE 3<sup>rd<\/sup> Street, Suite #203<br \/>Gresham, OR 97030<\/p><p><span style=\"color: #ffffff;\"><a style=\"color: #ffffff;\" href=\"tel: 015037264381\">(503) 726\u2013 4381<\/a><\/span><br \/><span style=\"color: #ffffff;\"><a style=\"color: #ffffff;\" href=\"tel: 018777264381\">1-877-726-4381<\/a><\/span><\/p>\t\t\t\t\t\t\t\t<\/div>\n\t\t\t\t<\/div>\n\t\t\t\t<div class=\"elementor-element elementor-element-35168d60 elementor-widget elementor-widget-google_maps\" data-id=\"35168d60\" data-element_type=\"widget\" data-e-type=\"widget\" data-widget_type=\"google_maps.default\">\n\t\t\t\t<div class=\"elementor-widget-container\">\n\t\t\t\t\t\t\t<div class=\"elementor-custom-embed\">\n\t\t\t<iframe loading=\"lazy\"\n\t\t\t\t\tsrc=\"https:\/\/maps.google.com\/maps?q=138%20NE%203rd%20Street%2C%20Gresham%2C%20Oregon&#038;t=m&#038;z=15&#038;output=embed&#038;iwloc=near\"\n\t\t\t\t\ttitle=\"138 NE 3rd Street, Gresham, Oregon\"\n\t\t\t\t\taria-label=\"138 NE 3rd Street, Gresham, Oregon\"\n\t\t\t><\/iframe>\n\t\t<\/div>\n\t\t\t\t\t\t<\/div>\n\t\t\t\t<\/div>\n\t\t\t\t\t<\/div>\n\t\t<\/div>\n\t\t\t\t\t<\/div>\n\t\t<\/section>\n\t\t\t\t<section class=\"elementor-section elementor-top-section elementor-element elementor-element-3f3c6118 elementor-section-boxed elementor-section-height-default elementor-section-height-default\" data-id=\"3f3c6118\" data-element_type=\"section\" data-e-type=\"section\">\n\t\t\t\t\t\t<div class=\"elementor-container elementor-column-gap-default\">\n\t\t\t\t\t<div class=\"elementor-column elementor-col-100 elementor-top-column elementor-element elementor-element-32df6bad\" data-id=\"32df6bad\" data-element_type=\"column\" data-e-type=\"column\">\n\t\t\t<div class=\"elementor-widget-wrap elementor-element-populated\">\n\t\t\t\t\t\t<div class=\"elementor-element elementor-element-27a172f7 elementor-align-center elementor-widget elementor-widget-button\" data-id=\"27a172f7\" data-element_type=\"widget\" data-e-type=\"widget\" data-widget_type=\"button.default\">\n\t\t\t\t<div class=\"elementor-widget-container\">\n\t\t\t\t\t\t\t\t\t<div class=\"elementor-button-wrapper\">\n\t\t\t\t\t<a class=\"elementor-button elementor-button-link elementor-size-md\" href=\"https:\/\/oregonlawcenter.org\/es\/how-to-get-help\/find-your-local-office\/\">\n\t\t\t\t\t\t<span class=\"elementor-button-content-wrapper\">\n\t\t\t\t\t\t\t\t\t<span class=\"elementor-button-text\">Encuentre su Oficina Local.<\/span>\n\t\t\t\t\t<\/span>\n\t\t\t\t\t<\/a>\n\t\t\t\t<\/div>\n\t\t\t\t\t\t\t\t<\/div>\n\t\t\t\t<\/div>\n\t\t\t\t\t<\/div>\n\t\t<\/div>\n\t\t\t\t\t<\/div>\n\t\t<\/section>\n\t\t\t\t<section class=\"elementor-section elementor-top-section elementor-element elementor-element-5bfd6243 elementor-section-full_width elementor-section-height-min-height elementor-section-items-bottom elementor-section-content-bottom elementor-section-stretched elementor-hidden-phone elementor-section-height-default\" data-id=\"5bfd6243\" data-element_type=\"section\" data-e-type=\"section\" data-settings=\"{&quot;background_background&quot;:&quot;classic&quot;,&quot;stretch_section&quot;:&quot;section-stretched&quot;}\">\n\t\t\t\t\t\t<div class=\"elementor-container elementor-column-gap-no\">\n\t\t\t\t\t<div class=\"elementor-column elementor-col-100 elementor-top-column elementor-element elementor-element-3271b422\" data-id=\"3271b422\" data-element_type=\"column\" data-e-type=\"column\">\n\t\t\t<div class=\"elementor-widget-wrap\">\n\t\t\t\t\t\t\t<\/div>\n\t\t<\/div>\n\t\t\t\t\t<\/div>\n\t\t<\/section>\n\t\t\t\t<\/div>","protected":false},"excerpt":{"rendered":"<p>Gresham Farmworker Office The Gresham Farmworker Office of Oregon Law Center serves low-income farmworkers in Oregon. We accept cases based on priorities that are set through a client needs assessment. The cases we typically handle are related to employment as a farmworker including wage claims, discrimination, sexual harassment, claims under laws that apply to farm&hellip;&nbsp;<a href=\"https:\/\/oregonlawcenter.org\/es\/how-to-get-help\/olc-offices\/gresham-farmworker\/\" rel=\"bookmark\">Leer m\u00e1s &raquo;<span class=\"screen-reader-text\">Gresham Farmworker<\/span><\/a><\/p>","protected":false},"author":1,"featured_media":0,"parent":327,"menu_order":0,"comment_status":"closed","ping_status":"closed","template":"","meta":{"_monsterinsights_skip_tracking":false,"_monsterinsights_sitenote_active":false,"_monsterinsights_sitenote_note":"","_monsterinsights_sitenote_category":0,"neve_meta_sidebar":"","neve_meta_container":"","neve_meta_enable_content_width":"off","neve_meta_content_width":0,"neve_meta_title_alignment":"","neve_meta_author_avatar":"","neve_post_elements_order":"","neve_meta_disable_header":"","neve_meta_disable_footer":"","neve_meta_disable_title":"on","footnotes":""},"class_list":["post-534","page","type-page","status-publish","hentry"],"yoast_head":"<!-- This site is optimized with the Yoast SEO plugin v27.4 - https:\/\/yoast.com\/product\/yoast-seo-wordpress\/ -->\n<title>Gresham Farmworker - Oregon Law Center<\/title>\n<meta name=\"robots\" content=\"index, follow, max-snippet:-1, max-image-preview:large, max-video-preview:-1\" \/>\n<link rel=\"canonical\" href=\"https:\/\/oregonlawcenter.org\/es\/how-to-get-help\/olc-offices\/gresham-farmworker\/\" \/>\n<meta property=\"og:locale\" content=\"es_ES\" \/>\n<meta property=\"og:type\" content=\"article\" \/>\n<meta property=\"og:title\" content=\"Gresham Farmworker - Oregon Law Center\" \/>\n<meta property=\"og:description\" content=\"Gresham Farmworker Office The Gresham Farmworker Office of Oregon Law Center serves low-income farmworkers in Oregon. We accept cases based on priorities that are set through a client needs assessment. The cases we typically handle are related to employment as a farmworker including wage claims, discrimination, sexual harassment, claims under laws that apply to farm&hellip;&nbsp;Leer m\u00e1s &raquo;Gresham Farmworker\" \/>\n<meta property=\"og:url\" content=\"https:\/\/oregonlawcenter.org\/es\/how-to-get-help\/olc-offices\/gresham-farmworker\/\" \/>\n<meta property=\"og:site_name\" content=\"Oregon Law Center\" \/>\n<meta property=\"article:publisher\" content=\"https:\/\/www.facebook.com\/OregonLawHelp\/\" \/>\n<meta property=\"article:modified_time\" content=\"2025-01-24T21:49:19+00:00\" \/>\n<meta property=\"og:image\" content=\"https:\/\/oregonlawcenter.org\/wp-content\/uploads\/2019\/06\/OLC-logo-text-only.png\" \/>\n\t<meta property=\"og:image:width\" content=\"740\" \/>\n\t<meta property=\"og:image:height\" content=\"288\" \/>\n\t<meta property=\"og:image:type\" content=\"image\/png\" \/>\n<meta name=\"twitter:card\" content=\"summary_large_image\" \/>\n<meta name=\"twitter:label1\" content=\"Tiempo de lectura\" \/>\n\t<meta name=\"twitter:data1\" content=\"1 minuto\" \/>\n<script type=\"application\/ld+json\" class=\"yoast-schema-graph\">{\"@context\":\"https:\\\/\\\/schema.org\",\"@graph\":[{\"@type\":\"WebPage\",\"@id\":\"https:\\\/\\\/oregonlawcenter.org\\\/how-to-get-help\\\/olc-offices\\\/gresham-farmworker\\\/\",\"url\":\"https:\\\/\\\/oregonlawcenter.org\\\/how-to-get-help\\\/olc-offices\\\/gresham-farmworker\\\/\",\"name\":\"Gresham Farmworker - Oregon Law Center\",\"isPartOf\":{\"@id\":\"https:\\\/\\\/oregonlawcenter.org\\\/#website\"},\"datePublished\":\"2019-09-04T23:55:01+00:00\",\"dateModified\":\"2025-01-24T21:49:19+00:00\",\"breadcrumb\":{\"@id\":\"https:\\\/\\\/oregonlawcenter.org\\\/how-to-get-help\\\/olc-offices\\\/gresham-farmworker\\\/#breadcrumb\"},\"inLanguage\":\"es\",\"potentialAction\":[{\"@type\":\"ReadAction\",\"target\":[\"https:\\\/\\\/oregonlawcenter.org\\\/how-to-get-help\\\/olc-offices\\\/gresham-farmworker\\\/\"]}]},{\"@type\":\"BreadcrumbList\",\"@id\":\"https:\\\/\\\/oregonlawcenter.org\\\/how-to-get-help\\\/olc-offices\\\/gresham-farmworker\\\/#breadcrumb\",\"itemListElement\":[{\"@type\":\"ListItem\",\"position\":1,\"name\":\"Home\",\"item\":\"https:\\\/\\\/oregonlawcenter.org\\\/\"},{\"@type\":\"ListItem\",\"position\":2,\"name\":\"How to get help\",\"item\":\"https:\\\/\\\/oregonlawcenter.org\\\/how-to-get-help\\\/\"},{\"@type\":\"ListItem\",\"position\":3,\"name\":\"OLC Offices\",\"item\":\"https:\\\/\\\/oregonlawcenter.org\\\/how-to-get-help\\\/olc-offices\\\/\"},{\"@type\":\"ListItem\",\"position\":4,\"name\":\"Gresham Farmworker\"}]},{\"@type\":\"WebSite\",\"@id\":\"https:\\\/\\\/oregonlawcenter.org\\\/#website\",\"url\":\"https:\\\/\\\/oregonlawcenter.org\\\/\",\"name\":\"Oregon Law Center\",\"description\":\"Working together to achieve justice for low income Oregonians.\",\"publisher\":{\"@id\":\"https:\\\/\\\/oregonlawcenter.org\\\/#organization\"},\"potentialAction\":[{\"@type\":\"SearchAction\",\"target\":{\"@type\":\"EntryPoint\",\"urlTemplate\":\"https:\\\/\\\/oregonlawcenter.org\\\/?s={search_term_string}\"},\"query-input\":{\"@type\":\"PropertyValueSpecification\",\"valueRequired\":true,\"valueName\":\"search_term_string\"}}],\"inLanguage\":\"es\"},{\"@type\":\"Organization\",\"@id\":\"https:\\\/\\\/oregonlawcenter.org\\\/#organization\",\"name\":\"Oregon Law Center\",\"url\":\"https:\\\/\\\/oregonlawcenter.org\\\/\",\"logo\":{\"@type\":\"ImageObject\",\"inLanguage\":\"es\",\"@id\":\"https:\\\/\\\/oregonlawcenter.org\\\/#\\\/schema\\\/logo\\\/image\\\/\",\"url\":\"https:\\\/\\\/oregonlawcenter.org\\\/wp-content\\\/uploads\\\/2019\\\/06\\\/OLC-logo-text-only.png\",\"contentUrl\":\"https:\\\/\\\/oregonlawcenter.org\\\/wp-content\\\/uploads\\\/2019\\\/06\\\/OLC-logo-text-only.png\",\"width\":740,\"height\":288,\"caption\":\"Oregon Law Center\"},\"image\":{\"@id\":\"https:\\\/\\\/oregonlawcenter.org\\\/#\\\/schema\\\/logo\\\/image\\\/\"},\"sameAs\":[\"https:\\\/\\\/www.facebook.com\\\/OregonLawHelp\\\/\"]}]}<\/script>\n<!-- \/ Yoast SEO plugin. -->","yoast_head_json":{"title":"Gresham Farmworker - Oregon Law Center","robots":{"index":"index","follow":"follow","max-snippet":"max-snippet:-1","max-image-preview":"max-image-preview:large","max-video-preview":"max-video-preview:-1"},"canonical":"https:\/\/oregonlawcenter.org\/es\/how-to-get-help\/olc-offices\/gresham-farmworker\/","og_locale":"es_ES","og_type":"article","og_title":"Gresham Farmworker - Oregon Law Center","og_description":"Gresham Farmworker Office The Gresham Farmworker Office of Oregon Law Center serves low-income farmworkers in Oregon. We accept cases based on priorities that are set through a client needs assessment. The cases we typically handle are related to employment as a farmworker including wage claims, discrimination, sexual harassment, claims under laws that apply to farm&hellip;&nbsp;Leer m\u00e1s &raquo;Gresham Farmworker","og_url":"https:\/\/oregonlawcenter.org\/es\/how-to-get-help\/olc-offices\/gresham-farmworker\/","og_site_name":"Oregon Law Center","article_publisher":"https:\/\/www.facebook.com\/OregonLawHelp\/","article_modified_time":"2025-01-24T21:49:19+00:00","og_image":[{"width":740,"height":288,"url":"https:\/\/oregonlawcenter.org\/wp-content\/uploads\/2019\/06\/OLC-logo-text-only.png","type":"image\/png"}],"twitter_card":"summary_large_image","twitter_misc":{"Tiempo de lectura":"1 minuto"},"schema":{"@context":"https:\/\/schema.org","@graph":[{"@type":"WebPage","@id":"https:\/\/oregonlawcenter.org\/how-to-get-help\/olc-offices\/gresham-farmworker\/","url":"https:\/\/oregonlawcenter.org\/how-to-get-help\/olc-offices\/gresham-farmworker\/","name":"Gresham Farmworker - Oregon Law Center","isPartOf":{"@id":"https:\/\/oregonlawcenter.org\/#website"},"datePublished":"2019-09-04T23:55:01+00:00","dateModified":"2025-01-24T21:49:19+00:00","breadcrumb":{"@id":"https:\/\/oregonlawcenter.org\/how-to-get-help\/olc-offices\/gresham-farmworker\/#breadcrumb"},"inLanguage":"es","potentialAction":[{"@type":"ReadAction","target":["https:\/\/oregonlawcenter.org\/how-to-get-help\/olc-offices\/gresham-farmworker\/"]}]},{"@type":"BreadcrumbList","@id":"https:\/\/oregonlawcenter.org\/how-to-get-help\/olc-offices\/gresham-farmworker\/#breadcrumb","itemListElement":[{"@type":"ListItem","position":1,"name":"Home","item":"https:\/\/oregonlawcenter.org\/"},{"@type":"ListItem","position":2,"name":"How to get help","item":"https:\/\/oregonlawcenter.org\/how-to-get-help\/"},{"@type":"ListItem","position":3,"name":"OLC Offices","item":"https:\/\/oregonlawcenter.org\/how-to-get-help\/olc-offices\/"},{"@type":"ListItem","position":4,"name":"Gresham Farmworker"}]},{"@type":"WebSite","@id":"https:\/\/oregonlawcenter.org\/#website","url":"https:\/\/oregonlawcenter.org\/","name":"Centro de Leyes de Oreg\u00f3n","description":"Working together to achieve justice for low income Oregonians.","publisher":{"@id":"https:\/\/oregonlawcenter.org\/#organization"},"potentialAction":[{"@type":"SearchAction","target":{"@type":"EntryPoint","urlTemplate":"https:\/\/oregonlawcenter.org\/?s={search_term_string}"},"query-input":{"@type":"PropertyValueSpecification","valueRequired":true,"valueName":"search_term_string"}}],"inLanguage":"es"},{"@type":"Organization","@id":"https:\/\/oregonlawcenter.org\/#organization","name":"Centro de Leyes de Oreg\u00f3n","url":"https:\/\/oregonlawcenter.org\/","logo":{"@type":"ImageObject","inLanguage":"es","@id":"https:\/\/oregonlawcenter.org\/#\/schema\/logo\/image\/","url":"https:\/\/oregonlawcenter.org\/wp-content\/uploads\/2019\/06\/OLC-logo-text-only.png","contentUrl":"https:\/\/oregonlawcenter.org\/wp-content\/uploads\/2019\/06\/OLC-logo-text-only.png","width":740,"height":288,"caption":"Oregon Law Center"},"image":{"@id":"https:\/\/oregonlawcenter.org\/#\/schema\/logo\/image\/"},"sameAs":["https:\/\/www.facebook.com\/OregonLawHelp\/"]}]}},"_links":{"self":[{"href":"https:\/\/oregonlawcenter.org\/es\/wp-json\/wp\/v2\/pages\/534","targetHints":{"allow":["GET"]}}],"collection":[{"href":"https:\/\/oregonlawcenter.org\/es\/wp-json\/wp\/v2\/pages"}],"about":[{"href":"https:\/\/oregonlawcenter.org\/es\/wp-json\/wp\/v2\/types\/page"}],"author":[{"embeddable":true,"href":"https:\/\/oregonlawcenter.org\/es\/wp-json\/wp\/v2\/users\/1"}],"replies":[{"embeddable":true,"href":"https:\/\/oregonlawcenter.org\/es\/wp-json\/wp\/v2\/comments?post=534"}],"version-history":[{"count":26,"href":"https:\/\/oregonlawcenter.org\/es\/wp-json\/wp\/v2\/pages\/534\/revisions"}],"predecessor-version":[{"id":3880,"href":"https:\/\/oregonlawcenter.org\/es\/wp-json\/wp\/v2\/pages\/534\/revisions\/3880"}],"up":[{"embeddable":true,"href":"https:\/\/oregonlawcenter.org\/es\/wp-json\/wp\/v2\/pages\/327"}],"wp:attachment":[{"href":"https:\/\/oregonlawcenter.org\/es\/wp-json\/wp\/v2\/media?parent=534"}],"curies":[{"name":"wp","href":"https:\/\/api.w.org\/{rel}","templated":true}]}}