{"id":532,"date":"2019-09-04T23:54:24","date_gmt":"2019-09-04T23:54:24","guid":{"rendered":"https:\/\/oregonlawcenter.org\/?page_id=532"},"modified":"2026-01-02T22:37:38","modified_gmt":"2026-01-02T22:37:38","slug":"grants-pass","status":"publish","type":"page","link":"https:\/\/oregonlawcenter.org\/es\/how-to-get-help\/olc-offices\/grants-pass\/","title":{"rendered":"Grants Pass"},"content":{"rendered":"<div data-elementor-type=\"wp-page\" data-elementor-id=\"532\" class=\"elementor elementor-532\" data-elementor-post-type=\"page\">\n\t\t\t\t\t\t<section class=\"elementor-section elementor-top-section elementor-element elementor-element-1361def2 elementor-section-full_width elementor-section-content-middle elementor-section-stretched elementor-section-items-top elementor-section-height-min-height elementor-section-height-default\" data-id=\"1361def2\" data-element_type=\"section\" data-e-type=\"section\" data-settings=\"{&quot;stretch_section&quot;:&quot;section-stretched&quot;,&quot;background_background&quot;:&quot;classic&quot;}\">\n\t\t\t\t\t\t<div class=\"elementor-container elementor-column-gap-no\">\n\t\t\t\t\t<div class=\"elementor-column elementor-col-100 elementor-top-column elementor-element elementor-element-2a41898c\" data-id=\"2a41898c\" data-element_type=\"column\" data-e-type=\"column\">\n\t\t\t<div class=\"elementor-widget-wrap\">\n\t\t\t\t\t\t\t<\/div>\n\t\t<\/div>\n\t\t\t\t\t<\/div>\n\t\t<\/section>\n\t\t\t\t<section class=\"elementor-section elementor-top-section elementor-element elementor-element-6b79e02 elementor-section-full_width elementor-section-height-default elementor-section-height-default elementor-invisible\" data-id=\"6b79e02\" data-element_type=\"section\" data-e-type=\"section\" data-settings=\"{&quot;background_background&quot;:&quot;classic&quot;,&quot;animation&quot;:&quot;bounceInRight&quot;}\">\n\t\t\t\t\t\t<div class=\"elementor-container elementor-column-gap-default\">\n\t\t\t\t\t<div class=\"elementor-column elementor-col-100 elementor-top-column elementor-element elementor-element-dc30e6b\" data-id=\"dc30e6b\" data-element_type=\"column\" data-e-type=\"column\">\n\t\t\t<div class=\"elementor-widget-wrap elementor-element-populated\">\n\t\t\t\t\t\t<div class=\"elementor-element elementor-element-598babd elementor-widget elementor-widget-heading\" data-id=\"598babd\" data-element_type=\"widget\" data-e-type=\"widget\" data-widget_type=\"heading.default\">\n\t\t\t\t<div class=\"elementor-widget-container\">\n\t\t\t\t\t<h2 class=\"elementor-heading-title elementor-size-default\"><b>As of October 10, 2025, the Grants Pass office has officially moved! <\/b><br><br>Our new address is 873 NE 7th Street, Suite A, Grants Pass, OR 97526. For office hours and information, please call us at 541-476-1058.<\/h2>\t\t\t\t<\/div>\n\t\t\t\t<\/div>\n\t\t\t\t\t<\/div>\n\t\t<\/div>\n\t\t\t\t\t<\/div>\n\t\t<\/section>\n\t\t\t\t<section class=\"elementor-section elementor-top-section elementor-element elementor-element-411d22c6 elementor-section-boxed elementor-section-height-default elementor-section-height-default\" data-id=\"411d22c6\" data-element_type=\"section\" data-e-type=\"section\">\n\t\t\t\t\t\t<div class=\"elementor-container elementor-column-gap-default\">\n\t\t\t\t\t<div class=\"elementor-column elementor-col-100 elementor-top-column elementor-element elementor-element-7f44f18f\" data-id=\"7f44f18f\" data-element_type=\"column\" data-e-type=\"column\">\n\t\t\t<div class=\"elementor-widget-wrap elementor-element-populated\">\n\t\t\t\t\t\t<div class=\"elementor-element elementor-element-9cd8edb elementor-widget elementor-widget-heading\" data-id=\"9cd8edb\" data-element_type=\"widget\" data-e-type=\"widget\" data-widget_type=\"heading.default\">\n\t\t\t\t<div class=\"elementor-widget-container\">\n\t\t\t\t\t<h1 class=\"elementor-heading-title elementor-size-default\">Oficina Regional de Grants Pass<\/h1>\t\t\t\t<\/div>\n\t\t\t\t<\/div>\n\t\t\t\t\t<\/div>\n\t\t<\/div>\n\t\t\t\t\t<\/div>\n\t\t<\/section>\n\t\t\t\t<section class=\"elementor-section elementor-top-section elementor-element elementor-element-41b7e797 elementor-section-stretched elementor-section-full_width elementor-section-height-default elementor-section-height-default\" data-id=\"41b7e797\" data-element_type=\"section\" data-e-type=\"section\" data-settings=\"{&quot;stretch_section&quot;:&quot;section-stretched&quot;}\">\n\t\t\t\t\t\t<div class=\"elementor-container elementor-column-gap-wide\">\n\t\t\t\t\t<div class=\"elementor-column elementor-col-66 elementor-top-column elementor-element elementor-element-588a050c\" data-id=\"588a050c\" data-element_type=\"column\" data-e-type=\"column\">\n\t\t\t<div class=\"elementor-widget-wrap elementor-element-populated\">\n\t\t\t\t\t\t<div class=\"elementor-element elementor-element-47b31971 elementor-widget elementor-widget-text-editor\" data-id=\"47b31971\" data-element_type=\"widget\" data-e-type=\"widget\" data-widget_type=\"text-editor.default\">\n\t\t\t\t<div class=\"elementor-widget-container\">\n\t\t\t\t\t\t\t\t\t<p>La Oficina Regional de Grants Pass del Centro de Leyes de Oregon brinda asistencia legal a los residentes de bajos recursos del Condado de Josephine. Los solicitantes de servicios y compa\u00f1eros de la comunidad pueden llamarnos sobre cualquier problema legal civil; nuestras \u00e1reas de prioridad son la ley de familia, ley de vivienda y derechos individuales como discapacidad, discriminaci\u00f3n y asuntos relacionados con el Plan de Salud de Oregon. Tambi\u00e9n contamos con personal que asiste con la L\u00ednea Directa de Beneficios P\u00fablicos en todo el estado de Oregon y la L\u00ednea Directa para Personas Mayores de edad del Condado de Josephine. Brindamos servicios legales en ingl\u00e9s, espa\u00f1ol y otros idiomas.<\/p>\t\t\t\t\t\t\t\t<\/div>\n\t\t\t\t<\/div>\n\t\t\t\t\t<\/div>\n\t\t<\/div>\n\t\t\t\t<div class=\"elementor-column elementor-col-33 elementor-top-column elementor-element elementor-element-5f6a01ec\" data-id=\"5f6a01ec\" data-element_type=\"column\" data-e-type=\"column\" data-settings=\"{&quot;background_background&quot;:&quot;classic&quot;}\">\n\t\t\t<div class=\"elementor-widget-wrap elementor-element-populated\">\n\t\t\t\t\t\t<div class=\"elementor-element elementor-element-37089ad7 elementor-widget elementor-widget-text-editor\" data-id=\"37089ad7\" data-element_type=\"widget\" data-e-type=\"widget\" data-widget_type=\"text-editor.default\">\n\t\t\t\t<div class=\"elementor-widget-container\">\n\t\t\t\t\t\t\t\t\t<p><strong>Oficina Regional de Grants Pass<\/strong><\/p><p>873 NE 7th Street, Suite A<br \/>Grants Pass, OR 97526<\/p><p><span style=\"color: #ffffff;\"><a style=\"color: #ffffff;\" href=\"tel: +01 541 476 1058\">(541) 476-1058<\/a><\/span><\/p>\t\t\t\t\t\t\t\t<\/div>\n\t\t\t\t<\/div>\n\t\t\t\t<div class=\"elementor-element elementor-element-474545fe elementor-widget elementor-widget-google_maps\" data-id=\"474545fe\" data-element_type=\"widget\" data-e-type=\"widget\" data-widget_type=\"google_maps.default\">\n\t\t\t\t<div class=\"elementor-widget-container\">\n\t\t\t\t\t\t\t<div class=\"elementor-custom-embed\">\n\t\t\t<iframe loading=\"lazy\"\n\t\t\t\t\tsrc=\"https:\/\/maps.google.com\/maps?q=873%20NE%207th%20St%2C%20Grants%20Pass%2C%20Oregon&#038;t=m&#038;z=15&#038;output=embed&#038;iwloc=near\"\n\t\t\t\t\ttitle=\"873 NE 7th St, Grants Pass, Oregon\"\n\t\t\t\t\taria-label=\"873 NE 7th St, Grants Pass, Oregon\"\n\t\t\t><\/iframe>\n\t\t<\/div>\n\t\t\t\t\t\t<\/div>\n\t\t\t\t<\/div>\n\t\t\t\t\t<\/div>\n\t\t<\/div>\n\t\t\t\t\t<\/div>\n\t\t<\/section>\n\t\t\t\t<section class=\"elementor-section elementor-top-section elementor-element elementor-element-61523eb3 elementor-section-boxed elementor-section-height-default elementor-section-height-default\" data-id=\"61523eb3\" data-element_type=\"section\" data-e-type=\"section\">\n\t\t\t\t\t\t<div class=\"elementor-container elementor-column-gap-default\">\n\t\t\t\t\t<div class=\"elementor-column elementor-col-100 elementor-top-column elementor-element elementor-element-464761dd\" data-id=\"464761dd\" data-element_type=\"column\" data-e-type=\"column\">\n\t\t\t<div class=\"elementor-widget-wrap elementor-element-populated\">\n\t\t\t\t\t\t<div class=\"elementor-element elementor-element-4035bc69 elementor-align-center elementor-widget elementor-widget-button\" data-id=\"4035bc69\" data-element_type=\"widget\" data-e-type=\"widget\" data-widget_type=\"button.default\">\n\t\t\t\t<div class=\"elementor-widget-container\">\n\t\t\t\t\t\t\t\t\t<div class=\"elementor-button-wrapper\">\n\t\t\t\t\t<a class=\"elementor-button elementor-button-link elementor-size-md\" href=\"https:\/\/oregonlawcenter.org\/es\/how-to-get-help\/find-your-local-office\/\">\n\t\t\t\t\t\t<span class=\"elementor-button-content-wrapper\">\n\t\t\t\t\t\t\t\t\t<span class=\"elementor-button-text\">Encuentre su Oficina Local.<\/span>\n\t\t\t\t\t<\/span>\n\t\t\t\t\t<\/a>\n\t\t\t\t<\/div>\n\t\t\t\t\t\t\t\t<\/div>\n\t\t\t\t<\/div>\n\t\t\t\t\t<\/div>\n\t\t<\/div>\n\t\t\t\t\t<\/div>\n\t\t<\/section>\n\t\t\t\t<section class=\"elementor-section elementor-top-section elementor-element elementor-element-45dca0b2 elementor-section-full_width elementor-section-height-min-height elementor-section-items-bottom elementor-section-content-bottom elementor-section-stretched elementor-hidden-phone elementor-section-height-default\" data-id=\"45dca0b2\" data-element_type=\"section\" data-e-type=\"section\" data-settings=\"{&quot;background_background&quot;:&quot;classic&quot;,&quot;stretch_section&quot;:&quot;section-stretched&quot;}\">\n\t\t\t\t\t\t<div class=\"elementor-container elementor-column-gap-no\">\n\t\t\t\t\t<div class=\"elementor-column elementor-col-100 elementor-top-column elementor-element elementor-element-4bd01f5b\" data-id=\"4bd01f5b\" data-element_type=\"column\" data-e-type=\"column\">\n\t\t\t<div class=\"elementor-widget-wrap\">\n\t\t\t\t\t\t\t<\/div>\n\t\t<\/div>\n\t\t\t\t\t<\/div>\n\t\t<\/section>\n\t\t\t\t<\/div>","protected":false},"excerpt":{"rendered":"<p>As of October 10, 2025, the Grants Pass office has officially moved! Our new address is 873 NE 7th Street, Suite A, Grants Pass, OR 97526. For office hours and information, please call us at 541-476-1058. Grants Pass Regional Office The Grants Pass Office of Oregon Law Center provides legal assistance to low-income residents of&hellip;&nbsp;<a href=\"https:\/\/oregonlawcenter.org\/es\/how-to-get-help\/olc-offices\/grants-pass\/\" rel=\"bookmark\">Leer m\u00e1s &raquo;<span class=\"screen-reader-text\">Grants Pass<\/span><\/a><\/p>","protected":false},"author":1,"featured_media":0,"parent":327,"menu_order":0,"comment_status":"closed","ping_status":"closed","template":"","meta":{"_monsterinsights_skip_tracking":false,"_monsterinsights_sitenote_active":false,"_monsterinsights_sitenote_note":"","_monsterinsights_sitenote_category":0,"neve_meta_sidebar":"","neve_meta_container":"","neve_meta_enable_content_width":"off","neve_meta_content_width":0,"neve_meta_title_alignment":"","neve_meta_author_avatar":"","neve_post_elements_order":"","neve_meta_disable_header":"","neve_meta_disable_footer":"","neve_meta_disable_title":"on","footnotes":""},"class_list":["post-532","page","type-page","status-publish","hentry"],"yoast_head":"<!-- This site is optimized with the Yoast SEO plugin v27.4 - https:\/\/yoast.com\/product\/yoast-seo-wordpress\/ -->\n<title>Grants Pass - Oregon Law Center<\/title>\n<meta name=\"robots\" content=\"index, follow, max-snippet:-1, max-image-preview:large, max-video-preview:-1\" \/>\n<link rel=\"canonical\" href=\"https:\/\/oregonlawcenter.org\/es\/how-to-get-help\/olc-offices\/grants-pass\/\" \/>\n<meta property=\"og:locale\" content=\"es_ES\" \/>\n<meta property=\"og:type\" content=\"article\" \/>\n<meta property=\"og:title\" content=\"Grants Pass - Oregon Law Center\" \/>\n<meta property=\"og:description\" content=\"As of October 10, 2025, the Grants Pass office has officially moved! Our new address is 873 NE 7th Street, Suite A, Grants Pass, OR 97526. For office hours and information, please call us at 541-476-1058. Grants Pass Regional Office The Grants Pass Office of Oregon Law Center provides legal assistance to low-income residents of&hellip;&nbsp;Leer m\u00e1s &raquo;Grants Pass\" \/>\n<meta property=\"og:url\" content=\"https:\/\/oregonlawcenter.org\/es\/how-to-get-help\/olc-offices\/grants-pass\/\" \/>\n<meta property=\"og:site_name\" content=\"Oregon Law Center\" \/>\n<meta property=\"article:publisher\" content=\"https:\/\/www.facebook.com\/OregonLawHelp\/\" \/>\n<meta property=\"article:modified_time\" content=\"2026-01-02T22:37:38+00:00\" \/>\n<meta property=\"og:image\" content=\"https:\/\/oregonlawcenter.org\/wp-content\/uploads\/2019\/06\/OLC-logo-text-only.png\" \/>\n\t<meta property=\"og:image:width\" content=\"740\" \/>\n\t<meta property=\"og:image:height\" content=\"288\" \/>\n\t<meta property=\"og:image:type\" content=\"image\/png\" \/>\n<meta name=\"twitter:card\" content=\"summary_large_image\" \/>\n<meta name=\"twitter:label1\" content=\"Tiempo de lectura\" \/>\n\t<meta name=\"twitter:data1\" content=\"1 minuto\" \/>\n<script type=\"application\/ld+json\" class=\"yoast-schema-graph\">{\"@context\":\"https:\\\/\\\/schema.org\",\"@graph\":[{\"@type\":\"WebPage\",\"@id\":\"https:\\\/\\\/oregonlawcenter.org\\\/how-to-get-help\\\/olc-offices\\\/grants-pass\\\/\",\"url\":\"https:\\\/\\\/oregonlawcenter.org\\\/how-to-get-help\\\/olc-offices\\\/grants-pass\\\/\",\"name\":\"Grants Pass - Oregon Law Center\",\"isPartOf\":{\"@id\":\"https:\\\/\\\/oregonlawcenter.org\\\/#website\"},\"datePublished\":\"2019-09-04T23:54:24+00:00\",\"dateModified\":\"2026-01-02T22:37:38+00:00\",\"breadcrumb\":{\"@id\":\"https:\\\/\\\/oregonlawcenter.org\\\/how-to-get-help\\\/olc-offices\\\/grants-pass\\\/#breadcrumb\"},\"inLanguage\":\"es\",\"potentialAction\":[{\"@type\":\"ReadAction\",\"target\":[\"https:\\\/\\\/oregonlawcenter.org\\\/how-to-get-help\\\/olc-offices\\\/grants-pass\\\/\"]}]},{\"@type\":\"BreadcrumbList\",\"@id\":\"https:\\\/\\\/oregonlawcenter.org\\\/how-to-get-help\\\/olc-offices\\\/grants-pass\\\/#breadcrumb\",\"itemListElement\":[{\"@type\":\"ListItem\",\"position\":1,\"name\":\"Home\",\"item\":\"https:\\\/\\\/oregonlawcenter.org\\\/\"},{\"@type\":\"ListItem\",\"position\":2,\"name\":\"How to get help\",\"item\":\"https:\\\/\\\/oregonlawcenter.org\\\/how-to-get-help\\\/\"},{\"@type\":\"ListItem\",\"position\":3,\"name\":\"OLC Offices\",\"item\":\"https:\\\/\\\/oregonlawcenter.org\\\/how-to-get-help\\\/olc-offices\\\/\"},{\"@type\":\"ListItem\",\"position\":4,\"name\":\"Grants Pass\"}]},{\"@type\":\"WebSite\",\"@id\":\"https:\\\/\\\/oregonlawcenter.org\\\/#website\",\"url\":\"https:\\\/\\\/oregonlawcenter.org\\\/\",\"name\":\"Oregon Law Center\",\"description\":\"Working together to achieve justice for low income Oregonians.\",\"publisher\":{\"@id\":\"https:\\\/\\\/oregonlawcenter.org\\\/#organization\"},\"potentialAction\":[{\"@type\":\"SearchAction\",\"target\":{\"@type\":\"EntryPoint\",\"urlTemplate\":\"https:\\\/\\\/oregonlawcenter.org\\\/?s={search_term_string}\"},\"query-input\":{\"@type\":\"PropertyValueSpecification\",\"valueRequired\":true,\"valueName\":\"search_term_string\"}}],\"inLanguage\":\"es\"},{\"@type\":\"Organization\",\"@id\":\"https:\\\/\\\/oregonlawcenter.org\\\/#organization\",\"name\":\"Oregon Law Center\",\"url\":\"https:\\\/\\\/oregonlawcenter.org\\\/\",\"logo\":{\"@type\":\"ImageObject\",\"inLanguage\":\"es\",\"@id\":\"https:\\\/\\\/oregonlawcenter.org\\\/#\\\/schema\\\/logo\\\/image\\\/\",\"url\":\"https:\\\/\\\/oregonlawcenter.org\\\/wp-content\\\/uploads\\\/2019\\\/06\\\/OLC-logo-text-only.png\",\"contentUrl\":\"https:\\\/\\\/oregonlawcenter.org\\\/wp-content\\\/uploads\\\/2019\\\/06\\\/OLC-logo-text-only.png\",\"width\":740,\"height\":288,\"caption\":\"Oregon Law Center\"},\"image\":{\"@id\":\"https:\\\/\\\/oregonlawcenter.org\\\/#\\\/schema\\\/logo\\\/image\\\/\"},\"sameAs\":[\"https:\\\/\\\/www.facebook.com\\\/OregonLawHelp\\\/\"]}]}<\/script>\n<!-- \/ Yoast SEO plugin. -->","yoast_head_json":{"title":"Grants Pass - Oregon Law Center","robots":{"index":"index","follow":"follow","max-snippet":"max-snippet:-1","max-image-preview":"max-image-preview:large","max-video-preview":"max-video-preview:-1"},"canonical":"https:\/\/oregonlawcenter.org\/es\/how-to-get-help\/olc-offices\/grants-pass\/","og_locale":"es_ES","og_type":"article","og_title":"Grants Pass - Oregon Law Center","og_description":"As of October 10, 2025, the Grants Pass office has officially moved! Our new address is 873 NE 7th Street, Suite A, Grants Pass, OR 97526. For office hours and information, please call us at 541-476-1058. Grants Pass Regional Office The Grants Pass Office of Oregon Law Center provides legal assistance to low-income residents of&hellip;&nbsp;Leer m\u00e1s &raquo;Grants Pass","og_url":"https:\/\/oregonlawcenter.org\/es\/how-to-get-help\/olc-offices\/grants-pass\/","og_site_name":"Oregon Law Center","article_publisher":"https:\/\/www.facebook.com\/OregonLawHelp\/","article_modified_time":"2026-01-02T22:37:38+00:00","og_image":[{"width":740,"height":288,"url":"https:\/\/oregonlawcenter.org\/wp-content\/uploads\/2019\/06\/OLC-logo-text-only.png","type":"image\/png"}],"twitter_card":"summary_large_image","twitter_misc":{"Tiempo de lectura":"1 minuto"},"schema":{"@context":"https:\/\/schema.org","@graph":[{"@type":"WebPage","@id":"https:\/\/oregonlawcenter.org\/how-to-get-help\/olc-offices\/grants-pass\/","url":"https:\/\/oregonlawcenter.org\/how-to-get-help\/olc-offices\/grants-pass\/","name":"Grants Pass - Oregon Law Center","isPartOf":{"@id":"https:\/\/oregonlawcenter.org\/#website"},"datePublished":"2019-09-04T23:54:24+00:00","dateModified":"2026-01-02T22:37:38+00:00","breadcrumb":{"@id":"https:\/\/oregonlawcenter.org\/how-to-get-help\/olc-offices\/grants-pass\/#breadcrumb"},"inLanguage":"es","potentialAction":[{"@type":"ReadAction","target":["https:\/\/oregonlawcenter.org\/how-to-get-help\/olc-offices\/grants-pass\/"]}]},{"@type":"BreadcrumbList","@id":"https:\/\/oregonlawcenter.org\/how-to-get-help\/olc-offices\/grants-pass\/#breadcrumb","itemListElement":[{"@type":"ListItem","position":1,"name":"Home","item":"https:\/\/oregonlawcenter.org\/"},{"@type":"ListItem","position":2,"name":"How to get help","item":"https:\/\/oregonlawcenter.org\/how-to-get-help\/"},{"@type":"ListItem","position":3,"name":"OLC Offices","item":"https:\/\/oregonlawcenter.org\/how-to-get-help\/olc-offices\/"},{"@type":"ListItem","position":4,"name":"Grants Pass"}]},{"@type":"WebSite","@id":"https:\/\/oregonlawcenter.org\/#website","url":"https:\/\/oregonlawcenter.org\/","name":"Centro de Leyes de Oreg\u00f3n","description":"Working together to achieve justice for low income Oregonians.","publisher":{"@id":"https:\/\/oregonlawcenter.org\/#organization"},"potentialAction":[{"@type":"SearchAction","target":{"@type":"EntryPoint","urlTemplate":"https:\/\/oregonlawcenter.org\/?s={search_term_string}"},"query-input":{"@type":"PropertyValueSpecification","valueRequired":true,"valueName":"search_term_string"}}],"inLanguage":"es"},{"@type":"Organization","@id":"https:\/\/oregonlawcenter.org\/#organization","name":"Centro de Leyes de Oreg\u00f3n","url":"https:\/\/oregonlawcenter.org\/","logo":{"@type":"ImageObject","inLanguage":"es","@id":"https:\/\/oregonlawcenter.org\/#\/schema\/logo\/image\/","url":"https:\/\/oregonlawcenter.org\/wp-content\/uploads\/2019\/06\/OLC-logo-text-only.png","contentUrl":"https:\/\/oregonlawcenter.org\/wp-content\/uploads\/2019\/06\/OLC-logo-text-only.png","width":740,"height":288,"caption":"Oregon Law Center"},"image":{"@id":"https:\/\/oregonlawcenter.org\/#\/schema\/logo\/image\/"},"sameAs":["https:\/\/www.facebook.com\/OregonLawHelp\/"]}]}},"_links":{"self":[{"href":"https:\/\/oregonlawcenter.org\/es\/wp-json\/wp\/v2\/pages\/532","targetHints":{"allow":["GET"]}}],"collection":[{"href":"https:\/\/oregonlawcenter.org\/es\/wp-json\/wp\/v2\/pages"}],"about":[{"href":"https:\/\/oregonlawcenter.org\/es\/wp-json\/wp\/v2\/types\/page"}],"author":[{"embeddable":true,"href":"https:\/\/oregonlawcenter.org\/es\/wp-json\/wp\/v2\/users\/1"}],"replies":[{"embeddable":true,"href":"https:\/\/oregonlawcenter.org\/es\/wp-json\/wp\/v2\/comments?post=532"}],"version-history":[{"count":35,"href":"https:\/\/oregonlawcenter.org\/es\/wp-json\/wp\/v2\/pages\/532\/revisions"}],"predecessor-version":[{"id":4609,"href":"https:\/\/oregonlawcenter.org\/es\/wp-json\/wp\/v2\/pages\/532\/revisions\/4609"}],"up":[{"embeddable":true,"href":"https:\/\/oregonlawcenter.org\/es\/wp-json\/wp\/v2\/pages\/327"}],"wp:attachment":[{"href":"https:\/\/oregonlawcenter.org\/es\/wp-json\/wp\/v2\/media?parent=532"}],"curies":[{"name":"wp","href":"https:\/\/api.w.org\/{rel}","templated":true}]}}