{"id":457,"date":"2019-09-04T18:36:23","date_gmt":"2019-09-04T18:36:23","guid":{"rendered":"https:\/\/oregonlawcenter.org\/?page_id=457"},"modified":"2025-01-24T21:38:24","modified_gmt":"2025-01-24T21:38:24","slug":"portland","status":"publish","type":"page","link":"https:\/\/oregonlawcenter.org\/es\/how-to-get-help\/olc-offices\/portland\/","title":{"rendered":"Oficina Regional de Portland"},"content":{"rendered":"<div data-elementor-type=\"wp-post\" data-elementor-id=\"457\" class=\"elementor elementor-457\" data-elementor-post-type=\"page\">\n\t\t\t\t\t\t<section class=\"elementor-section elementor-top-section elementor-element elementor-element-51cdaf9b elementor-section-full_width elementor-section-content-middle elementor-section-stretched elementor-section-items-top elementor-section-height-min-height elementor-section-height-default\" data-id=\"51cdaf9b\" data-element_type=\"section\" data-e-type=\"section\" data-settings=\"{&quot;stretch_section&quot;:&quot;section-stretched&quot;,&quot;background_background&quot;:&quot;classic&quot;}\">\n\t\t\t\t\t\t<div class=\"elementor-container elementor-column-gap-no\">\n\t\t\t\t\t<div class=\"elementor-column elementor-col-100 elementor-top-column elementor-element elementor-element-2615d58c\" data-id=\"2615d58c\" data-element_type=\"column\" data-e-type=\"column\">\n\t\t\t<div class=\"elementor-widget-wrap\">\n\t\t\t\t\t\t\t<\/div>\n\t\t<\/div>\n\t\t\t\t\t<\/div>\n\t\t<\/section>\n\t\t\t\t<section class=\"elementor-section elementor-top-section elementor-element elementor-element-3d6f067 elementor-section-full_width elementor-section-height-default elementor-section-height-default elementor-invisible\" data-id=\"3d6f067\" data-element_type=\"section\" data-e-type=\"section\" data-settings=\"{&quot;background_background&quot;:&quot;classic&quot;,&quot;animation&quot;:&quot;bounceInRight&quot;}\">\n\t\t\t\t\t\t<div class=\"elementor-container elementor-column-gap-default\">\n\t\t\t\t\t<div class=\"elementor-column elementor-col-100 elementor-top-column elementor-element elementor-element-9fb3acf\" data-id=\"9fb3acf\" data-element_type=\"column\" data-e-type=\"column\">\n\t\t\t<div class=\"elementor-widget-wrap elementor-element-populated\">\n\t\t\t\t\t\t<div class=\"elementor-element elementor-element-6bc0519 elementor-widget elementor-widget-heading\" data-id=\"6bc0519\" data-element_type=\"widget\" data-e-type=\"widget\" data-widget_type=\"heading.default\">\n\t\t\t\t<div class=\"elementor-widget-container\">\n\t\t\t\t\t<h2 class=\"elementor-heading-title elementor-size-default\"><b>*** Oregon Law Center's Portland office has moved! ***<\/b><br><br>As of December 1, 2024, our new address is <br><br><b>621 SW Morrison, Suite 1450<br>Portland, OR 97205<\/b><br><br>All other contact information will remain the same.<\/h2>\t\t\t\t<\/div>\n\t\t\t\t<\/div>\n\t\t\t\t\t<\/div>\n\t\t<\/div>\n\t\t\t\t\t<\/div>\n\t\t<\/section>\n\t\t\t\t<section class=\"elementor-section elementor-top-section elementor-element elementor-element-1906ff7c elementor-section-boxed elementor-section-height-default elementor-section-height-default\" data-id=\"1906ff7c\" data-element_type=\"section\" data-e-type=\"section\">\n\t\t\t\t\t\t<div class=\"elementor-container elementor-column-gap-default\">\n\t\t\t\t\t<div class=\"elementor-column elementor-col-100 elementor-top-column elementor-element elementor-element-56610f87\" data-id=\"56610f87\" data-element_type=\"column\" data-e-type=\"column\">\n\t\t\t<div class=\"elementor-widget-wrap elementor-element-populated\">\n\t\t\t\t\t\t<div class=\"elementor-element elementor-element-5434ea35 elementor-widget elementor-widget-heading\" data-id=\"5434ea35\" data-element_type=\"widget\" data-e-type=\"widget\" data-widget_type=\"heading.default\">\n\t\t\t\t<div class=\"elementor-widget-container\">\n\t\t\t\t\t<h1 class=\"elementor-heading-title elementor-size-default\">Oficina Regional de Portland<\/h1>\t\t\t\t<\/div>\n\t\t\t\t<\/div>\n\t\t\t\t\t<\/div>\n\t\t<\/div>\n\t\t\t\t\t<\/div>\n\t\t<\/section>\n\t\t\t\t<section class=\"elementor-section elementor-top-section elementor-element elementor-element-141034b elementor-section-stretched elementor-section-full_width elementor-section-height-default elementor-section-height-default\" data-id=\"141034b\" data-element_type=\"section\" data-e-type=\"section\" data-settings=\"{&quot;stretch_section&quot;:&quot;section-stretched&quot;}\">\n\t\t\t\t\t\t<div class=\"elementor-container elementor-column-gap-wide\">\n\t\t\t\t\t<div class=\"elementor-column elementor-col-66 elementor-top-column elementor-element elementor-element-ddb7203\" data-id=\"ddb7203\" data-element_type=\"column\" data-e-type=\"column\">\n\t\t\t<div class=\"elementor-widget-wrap elementor-element-populated\">\n\t\t\t\t\t\t<div class=\"elementor-element elementor-element-4b2c9f9 elementor-widget elementor-widget-text-editor\" data-id=\"4b2c9f9\" data-element_type=\"widget\" data-e-type=\"widget\" data-widget_type=\"text-editor.default\">\n\t\t\t\t<div class=\"elementor-widget-container\">\n\t\t\t\t\t\t\t\t\t<p>La Oficina Regional de Portland del Centro de Leyes de Oregon ayuda a las personas de bajos recursos en los condados de Clackamas, Crook, Hood River, Deschutes, Jefferson, Multnomah, Sherman y Wasco. Por la mayor parte, aceptamos casos referidos por nuestras oficinas asociadas de servicios legales, como la Oficina Regional de Portland de Servicios Legales de Oregon, la Oficina Regional del Centro de Oregon y casos referidos por organizaciones de base comunitaria. Los casos que manejamos t\u00edpicamente son en las \u00e1reas de empleo, vivienda, fraude al consumidor, asuntos relacionados con hipotecas, y beneficios p\u00fablicos (por favor llame a la L\u00ednea Telef\u00f3nica de Beneficios P\u00fablicos al 1-800-520-5292 primero para admisi\u00f3n). Nuestra l\u00ednea de admisi\u00f3n legal es 1-800-672-4919 y est\u00e1 disponible tanto para los clientes potenciales, como para nuestros compa\u00f1eros de la comunidad. Nuestra l\u00ednea de admisi\u00f3n es contestada de 10am a 1pm los lunes y mi\u00e9rcoles; puede dejar un mensaje si no llama durante este horario. Proveemos servicios legales en ingl\u00e9s, espa\u00f1ol, y otros idiomas. <a href=\"http:\/\/oregonlawcenter.org\/es\/how-to-get-help\/find-your-local-office\/\">aqu\u00ed<\/a>. The cases we typically receive by referral are in the areas of employment, housing, consumer and mortgage fraud, and public benefits. We provide legal services in English, Spanish and other languages.<\/p><p>La oficina de Portland cuenta con personal que habla espa\u00f1ol. La oficina <b>no<\/b> brinda asistencia con asuntos relacionados con la ley familiar. Comun\u00edquese con la Oficina Regional del Centro de Oregon de Servicios Legales de Oregon si tiene un asunto relacionado con la ley familiar, como custodia, divorcio y \u00f3rdenes de protecci\u00f3n.\u00a0<\/p>\t\t\t\t\t\t\t\t<\/div>\n\t\t\t\t<\/div>\n\t\t\t\t\t<\/div>\n\t\t<\/div>\n\t\t\t\t<div class=\"elementor-column elementor-col-33 elementor-top-column elementor-element elementor-element-972d3aa\" data-id=\"972d3aa\" data-element_type=\"column\" data-e-type=\"column\" data-settings=\"{&quot;background_background&quot;:&quot;classic&quot;}\">\n\t\t\t<div class=\"elementor-widget-wrap elementor-element-populated\">\n\t\t\t\t\t\t<div class=\"elementor-element elementor-element-ff8c075 elementor-widget elementor-widget-text-editor\" data-id=\"ff8c075\" data-element_type=\"widget\" data-e-type=\"widget\" data-widget_type=\"text-editor.default\">\n\t\t\t\t<div class=\"elementor-widget-container\">\n\t\t\t\t\t\t\t\t\t<p><strong>Oficina Regional de Portland<\/strong><\/p><p>621 SW Morrison St., Ste 1450<br \/>Portland, OR 97205<\/p><p><span style=\"color: #ffffff;\"><a style=\"color: #ffffff;\" href=\"tel:18006724919\">1-800-672-4919<\/a><\/span><\/p>\t\t\t\t\t\t\t\t<\/div>\n\t\t\t\t<\/div>\n\t\t\t\t<div class=\"elementor-element elementor-element-65c4cf1 elementor-widget elementor-widget-google_maps\" data-id=\"65c4cf1\" data-element_type=\"widget\" data-e-type=\"widget\" data-widget_type=\"google_maps.default\">\n\t\t\t\t<div class=\"elementor-widget-container\">\n\t\t\t\t\t\t\t<div class=\"elementor-custom-embed\">\n\t\t\t<iframe loading=\"lazy\"\n\t\t\t\t\tsrc=\"https:\/\/maps.google.com\/maps?q=621%20SW%20Morrison%20St.%2C%20Portland%2C%20Oregon%2097205&#038;t=m&#038;z=15&#038;output=embed&#038;iwloc=near\"\n\t\t\t\t\ttitle=\"621 SW Morrison St., Portland, Oregon 97205\"\n\t\t\t\t\taria-label=\"621 SW Morrison St., Portland, Oregon 97205\"\n\t\t\t><\/iframe>\n\t\t<\/div>\n\t\t\t\t\t\t<\/div>\n\t\t\t\t<\/div>\n\t\t\t\t\t<\/div>\n\t\t<\/div>\n\t\t\t\t\t<\/div>\n\t\t<\/section>\n\t\t\t\t<section class=\"elementor-section elementor-top-section elementor-element elementor-element-2009e8fc elementor-section-boxed elementor-section-height-default elementor-section-height-default\" data-id=\"2009e8fc\" data-element_type=\"section\" data-e-type=\"section\">\n\t\t\t\t\t\t<div class=\"elementor-container elementor-column-gap-default\">\n\t\t\t\t\t<div class=\"elementor-column elementor-col-100 elementor-top-column elementor-element elementor-element-29908691\" data-id=\"29908691\" data-element_type=\"column\" data-e-type=\"column\">\n\t\t\t<div class=\"elementor-widget-wrap elementor-element-populated\">\n\t\t\t\t\t\t<div class=\"elementor-element elementor-element-412839b elementor-align-center elementor-widget elementor-widget-button\" data-id=\"412839b\" data-element_type=\"widget\" data-e-type=\"widget\" data-widget_type=\"button.default\">\n\t\t\t\t<div class=\"elementor-widget-container\">\n\t\t\t\t\t\t\t\t\t<div class=\"elementor-button-wrapper\">\n\t\t\t\t\t<a class=\"elementor-button elementor-button-link elementor-size-md\" href=\"https:\/\/oregonlawcenter.org\/es\/how-to-get-help\/find-your-local-office\/\">\n\t\t\t\t\t\t<span class=\"elementor-button-content-wrapper\">\n\t\t\t\t\t\t\t\t\t<span class=\"elementor-button-text\">Encuentre su Oficina Local.<\/span>\n\t\t\t\t\t<\/span>\n\t\t\t\t\t<\/a>\n\t\t\t\t<\/div>\n\t\t\t\t\t\t\t\t<\/div>\n\t\t\t\t<\/div>\n\t\t\t\t\t<\/div>\n\t\t<\/div>\n\t\t\t\t\t<\/div>\n\t\t<\/section>\n\t\t\t\t<section class=\"elementor-section elementor-top-section elementor-element elementor-element-5e854180 elementor-section-full_width elementor-section-height-min-height elementor-section-items-bottom elementor-section-content-bottom elementor-section-stretched elementor-hidden-phone elementor-section-height-default\" data-id=\"5e854180\" data-element_type=\"section\" data-e-type=\"section\" data-settings=\"{&quot;background_background&quot;:&quot;classic&quot;,&quot;stretch_section&quot;:&quot;section-stretched&quot;}\">\n\t\t\t\t\t\t<div class=\"elementor-container elementor-column-gap-no\">\n\t\t\t\t\t<div class=\"elementor-column elementor-col-100 elementor-top-column elementor-element elementor-element-64dae1ec\" data-id=\"64dae1ec\" data-element_type=\"column\" data-e-type=\"column\">\n\t\t\t<div class=\"elementor-widget-wrap\">\n\t\t\t\t\t\t\t<\/div>\n\t\t<\/div>\n\t\t\t\t\t<\/div>\n\t\t<\/section>\n\t\t\t\t<\/div>","protected":false},"excerpt":{"rendered":"<p>*** Oregon Law Center&#8217;s Portland office has moved! *** As of December 1, 2024, our new address is 621 SW Morrison, Suite 1450Portland, OR 97205 All other contact information will remain the same. Portland Regional Office The Portland Regional Office of Oregon Law Center serves low-income clients in the counties of Clackamas,Crook, Hood River, Deschutes,&hellip;&nbsp;<a href=\"https:\/\/oregonlawcenter.org\/es\/how-to-get-help\/olc-offices\/portland\/\" rel=\"bookmark\">Leer m\u00e1s &raquo;<span class=\"screen-reader-text\">Oficina Regional de Portland<\/span><\/a><\/p>","protected":false},"author":1,"featured_media":0,"parent":327,"menu_order":0,"comment_status":"closed","ping_status":"closed","template":"page-templates\/template-pagebuilder-full-width.php","meta":{"_monsterinsights_skip_tracking":false,"_monsterinsights_sitenote_active":false,"_monsterinsights_sitenote_note":"","_monsterinsights_sitenote_category":0,"neve_meta_sidebar":"","neve_meta_container":"","neve_meta_enable_content_width":"","neve_meta_content_width":0,"neve_meta_title_alignment":"","neve_meta_author_avatar":"","neve_post_elements_order":"","neve_meta_disable_header":"","neve_meta_disable_footer":"","neve_meta_disable_title":"on","footnotes":""},"class_list":["post-457","page","type-page","status-publish","hentry"],"yoast_head":"<!-- This site is optimized with the Yoast SEO plugin v27.4 - https:\/\/yoast.com\/product\/yoast-seo-wordpress\/ -->\n<title>Portland Regional Office - Oregon Law Center<\/title>\n<meta name=\"robots\" content=\"index, follow, max-snippet:-1, max-image-preview:large, max-video-preview:-1\" \/>\n<link rel=\"canonical\" href=\"https:\/\/oregonlawcenter.org\/es\/how-to-get-help\/olc-offices\/portland\/\" \/>\n<meta property=\"og:locale\" content=\"es_ES\" \/>\n<meta property=\"og:type\" content=\"article\" \/>\n<meta property=\"og:title\" content=\"Portland Regional Office - Oregon Law Center\" \/>\n<meta property=\"og:description\" content=\"*** Oregon Law Center&#8217;s Portland office has moved! *** As of December 1, 2024, our new address is 621 SW Morrison, Suite 1450Portland, OR 97205 All other contact information will remain the same. Portland Regional Office The Portland Regional Office of Oregon Law Center serves low-income clients in the counties of Clackamas,Crook, Hood River, Deschutes,&hellip;&nbsp;Leer m\u00e1s &raquo;Portland Regional Office\" \/>\n<meta property=\"og:url\" content=\"https:\/\/oregonlawcenter.org\/es\/how-to-get-help\/olc-offices\/portland\/\" \/>\n<meta property=\"og:site_name\" content=\"Oregon Law Center\" \/>\n<meta property=\"article:publisher\" content=\"https:\/\/www.facebook.com\/OregonLawHelp\/\" \/>\n<meta property=\"article:modified_time\" content=\"2025-01-24T21:38:24+00:00\" \/>\n<meta property=\"og:image\" content=\"https:\/\/oregonlawcenter.org\/wp-content\/uploads\/2019\/06\/OLC-logo-text-only.png\" \/>\n\t<meta property=\"og:image:width\" content=\"740\" \/>\n\t<meta property=\"og:image:height\" content=\"288\" \/>\n\t<meta property=\"og:image:type\" content=\"image\/png\" \/>\n<meta name=\"twitter:card\" content=\"summary_large_image\" \/>\n<meta name=\"twitter:label1\" content=\"Tiempo de lectura\" \/>\n\t<meta name=\"twitter:data1\" content=\"1 minuto\" \/>\n<script type=\"application\/ld+json\" class=\"yoast-schema-graph\">{\"@context\":\"https:\\\/\\\/schema.org\",\"@graph\":[{\"@type\":\"WebPage\",\"@id\":\"https:\\\/\\\/oregonlawcenter.org\\\/how-to-get-help\\\/olc-offices\\\/portland\\\/\",\"url\":\"https:\\\/\\\/oregonlawcenter.org\\\/how-to-get-help\\\/olc-offices\\\/portland\\\/\",\"name\":\"Portland Regional Office - Oregon Law Center\",\"isPartOf\":{\"@id\":\"https:\\\/\\\/oregonlawcenter.org\\\/#website\"},\"datePublished\":\"2019-09-04T18:36:23+00:00\",\"dateModified\":\"2025-01-24T21:38:24+00:00\",\"breadcrumb\":{\"@id\":\"https:\\\/\\\/oregonlawcenter.org\\\/how-to-get-help\\\/olc-offices\\\/portland\\\/#breadcrumb\"},\"inLanguage\":\"es\",\"potentialAction\":[{\"@type\":\"ReadAction\",\"target\":[\"https:\\\/\\\/oregonlawcenter.org\\\/how-to-get-help\\\/olc-offices\\\/portland\\\/\"]}]},{\"@type\":\"BreadcrumbList\",\"@id\":\"https:\\\/\\\/oregonlawcenter.org\\\/how-to-get-help\\\/olc-offices\\\/portland\\\/#breadcrumb\",\"itemListElement\":[{\"@type\":\"ListItem\",\"position\":1,\"name\":\"Home\",\"item\":\"https:\\\/\\\/oregonlawcenter.org\\\/\"},{\"@type\":\"ListItem\",\"position\":2,\"name\":\"How to get help\",\"item\":\"https:\\\/\\\/oregonlawcenter.org\\\/how-to-get-help\\\/\"},{\"@type\":\"ListItem\",\"position\":3,\"name\":\"OLC Offices\",\"item\":\"https:\\\/\\\/oregonlawcenter.org\\\/how-to-get-help\\\/olc-offices\\\/\"},{\"@type\":\"ListItem\",\"position\":4,\"name\":\"Portland Regional Office\"}]},{\"@type\":\"WebSite\",\"@id\":\"https:\\\/\\\/oregonlawcenter.org\\\/#website\",\"url\":\"https:\\\/\\\/oregonlawcenter.org\\\/\",\"name\":\"Oregon Law Center\",\"description\":\"Working together to achieve justice for low income Oregonians.\",\"publisher\":{\"@id\":\"https:\\\/\\\/oregonlawcenter.org\\\/#organization\"},\"potentialAction\":[{\"@type\":\"SearchAction\",\"target\":{\"@type\":\"EntryPoint\",\"urlTemplate\":\"https:\\\/\\\/oregonlawcenter.org\\\/?s={search_term_string}\"},\"query-input\":{\"@type\":\"PropertyValueSpecification\",\"valueRequired\":true,\"valueName\":\"search_term_string\"}}],\"inLanguage\":\"es\"},{\"@type\":\"Organization\",\"@id\":\"https:\\\/\\\/oregonlawcenter.org\\\/#organization\",\"name\":\"Oregon Law Center\",\"url\":\"https:\\\/\\\/oregonlawcenter.org\\\/\",\"logo\":{\"@type\":\"ImageObject\",\"inLanguage\":\"es\",\"@id\":\"https:\\\/\\\/oregonlawcenter.org\\\/#\\\/schema\\\/logo\\\/image\\\/\",\"url\":\"https:\\\/\\\/oregonlawcenter.org\\\/wp-content\\\/uploads\\\/2019\\\/06\\\/OLC-logo-text-only.png\",\"contentUrl\":\"https:\\\/\\\/oregonlawcenter.org\\\/wp-content\\\/uploads\\\/2019\\\/06\\\/OLC-logo-text-only.png\",\"width\":740,\"height\":288,\"caption\":\"Oregon Law Center\"},\"image\":{\"@id\":\"https:\\\/\\\/oregonlawcenter.org\\\/#\\\/schema\\\/logo\\\/image\\\/\"},\"sameAs\":[\"https:\\\/\\\/www.facebook.com\\\/OregonLawHelp\\\/\"]}]}<\/script>\n<!-- \/ Yoast SEO plugin. -->","yoast_head_json":{"title":"Portland Regional Office - Oregon Law Center","robots":{"index":"index","follow":"follow","max-snippet":"max-snippet:-1","max-image-preview":"max-image-preview:large","max-video-preview":"max-video-preview:-1"},"canonical":"https:\/\/oregonlawcenter.org\/es\/how-to-get-help\/olc-offices\/portland\/","og_locale":"es_ES","og_type":"article","og_title":"Portland Regional Office - Oregon Law Center","og_description":"*** Oregon Law Center&#8217;s Portland office has moved! *** As of December 1, 2024, our new address is 621 SW Morrison, Suite 1450Portland, OR 97205 All other contact information will remain the same. Portland Regional Office The Portland Regional Office of Oregon Law Center serves low-income clients in the counties of Clackamas,Crook, Hood River, Deschutes,&hellip;&nbsp;Leer m\u00e1s &raquo;Portland Regional Office","og_url":"https:\/\/oregonlawcenter.org\/es\/how-to-get-help\/olc-offices\/portland\/","og_site_name":"Oregon Law Center","article_publisher":"https:\/\/www.facebook.com\/OregonLawHelp\/","article_modified_time":"2025-01-24T21:38:24+00:00","og_image":[{"width":740,"height":288,"url":"https:\/\/oregonlawcenter.org\/wp-content\/uploads\/2019\/06\/OLC-logo-text-only.png","type":"image\/png"}],"twitter_card":"summary_large_image","twitter_misc":{"Tiempo de lectura":"1 minuto"},"schema":{"@context":"https:\/\/schema.org","@graph":[{"@type":"WebPage","@id":"https:\/\/oregonlawcenter.org\/how-to-get-help\/olc-offices\/portland\/","url":"https:\/\/oregonlawcenter.org\/how-to-get-help\/olc-offices\/portland\/","name":"Portland Regional Office - Oregon Law Center","isPartOf":{"@id":"https:\/\/oregonlawcenter.org\/#website"},"datePublished":"2019-09-04T18:36:23+00:00","dateModified":"2025-01-24T21:38:24+00:00","breadcrumb":{"@id":"https:\/\/oregonlawcenter.org\/how-to-get-help\/olc-offices\/portland\/#breadcrumb"},"inLanguage":"es","potentialAction":[{"@type":"ReadAction","target":["https:\/\/oregonlawcenter.org\/how-to-get-help\/olc-offices\/portland\/"]}]},{"@type":"BreadcrumbList","@id":"https:\/\/oregonlawcenter.org\/how-to-get-help\/olc-offices\/portland\/#breadcrumb","itemListElement":[{"@type":"ListItem","position":1,"name":"Home","item":"https:\/\/oregonlawcenter.org\/"},{"@type":"ListItem","position":2,"name":"How to get help","item":"https:\/\/oregonlawcenter.org\/how-to-get-help\/"},{"@type":"ListItem","position":3,"name":"OLC Offices","item":"https:\/\/oregonlawcenter.org\/how-to-get-help\/olc-offices\/"},{"@type":"ListItem","position":4,"name":"Portland Regional Office"}]},{"@type":"WebSite","@id":"https:\/\/oregonlawcenter.org\/#website","url":"https:\/\/oregonlawcenter.org\/","name":"Centro de Leyes de Oreg\u00f3n","description":"Working together to achieve justice for low income Oregonians.","publisher":{"@id":"https:\/\/oregonlawcenter.org\/#organization"},"potentialAction":[{"@type":"SearchAction","target":{"@type":"EntryPoint","urlTemplate":"https:\/\/oregonlawcenter.org\/?s={search_term_string}"},"query-input":{"@type":"PropertyValueSpecification","valueRequired":true,"valueName":"search_term_string"}}],"inLanguage":"es"},{"@type":"Organization","@id":"https:\/\/oregonlawcenter.org\/#organization","name":"Centro de Leyes de Oreg\u00f3n","url":"https:\/\/oregonlawcenter.org\/","logo":{"@type":"ImageObject","inLanguage":"es","@id":"https:\/\/oregonlawcenter.org\/#\/schema\/logo\/image\/","url":"https:\/\/oregonlawcenter.org\/wp-content\/uploads\/2019\/06\/OLC-logo-text-only.png","contentUrl":"https:\/\/oregonlawcenter.org\/wp-content\/uploads\/2019\/06\/OLC-logo-text-only.png","width":740,"height":288,"caption":"Oregon Law Center"},"image":{"@id":"https:\/\/oregonlawcenter.org\/#\/schema\/logo\/image\/"},"sameAs":["https:\/\/www.facebook.com\/OregonLawHelp\/"]}]}},"_links":{"self":[{"href":"https:\/\/oregonlawcenter.org\/es\/wp-json\/wp\/v2\/pages\/457","targetHints":{"allow":["GET"]}}],"collection":[{"href":"https:\/\/oregonlawcenter.org\/es\/wp-json\/wp\/v2\/pages"}],"about":[{"href":"https:\/\/oregonlawcenter.org\/es\/wp-json\/wp\/v2\/types\/page"}],"author":[{"embeddable":true,"href":"https:\/\/oregonlawcenter.org\/es\/wp-json\/wp\/v2\/users\/1"}],"replies":[{"embeddable":true,"href":"https:\/\/oregonlawcenter.org\/es\/wp-json\/wp\/v2\/comments?post=457"}],"version-history":[{"count":58,"href":"https:\/\/oregonlawcenter.org\/es\/wp-json\/wp\/v2\/pages\/457\/revisions"}],"predecessor-version":[{"id":3802,"href":"https:\/\/oregonlawcenter.org\/es\/wp-json\/wp\/v2\/pages\/457\/revisions\/3802"}],"up":[{"embeddable":true,"href":"https:\/\/oregonlawcenter.org\/es\/wp-json\/wp\/v2\/pages\/327"}],"wp:attachment":[{"href":"https:\/\/oregonlawcenter.org\/es\/wp-json\/wp\/v2\/media?parent=457"}],"curies":[{"name":"wp","href":"https:\/\/api.w.org\/{rel}","templated":true}]}}