{"id":337,"date":"2019-08-21T21:08:45","date_gmt":"2019-08-21T21:08:45","guid":{"rendered":"https:\/\/oregonlawcenter.org\/?page_id=337"},"modified":"2025-02-18T23:49:01","modified_gmt":"2025-02-18T23:49:01","slug":"our-leadership","status":"publish","type":"page","link":"https:\/\/oregonlawcenter.org\/es\/about-olc\/our-leadership\/","title":{"rendered":"Nuestro Liderazgo"},"content":{"rendered":"<div data-elementor-type=\"wp-post\" data-elementor-id=\"337\" class=\"elementor elementor-337\" data-elementor-post-type=\"page\">\n\t\t\t\t\t\t<section class=\"elementor-section elementor-top-section elementor-element elementor-element-33c973f8 elementor-section-full_width elementor-section-content-middle elementor-section-stretched elementor-section-items-top elementor-section-height-min-height elementor-hidden-phone elementor-section-height-default\" data-id=\"33c973f8\" data-element_type=\"section\" data-e-type=\"section\" data-settings=\"{&quot;stretch_section&quot;:&quot;section-stretched&quot;,&quot;background_background&quot;:&quot;classic&quot;}\">\n\t\t\t\t\t\t<div class=\"elementor-container elementor-column-gap-no\">\n\t\t\t\t\t<div class=\"elementor-column elementor-col-100 elementor-top-column elementor-element elementor-element-72f41f90\" data-id=\"72f41f90\" data-element_type=\"column\" data-e-type=\"column\">\n\t\t\t<div class=\"elementor-widget-wrap\">\n\t\t\t\t\t\t\t<\/div>\n\t\t<\/div>\n\t\t\t\t\t<\/div>\n\t\t<\/section>\n\t\t\t\t<section class=\"elementor-section elementor-top-section elementor-element elementor-element-11cd6603 elementor-section-boxed elementor-section-height-default elementor-section-height-default\" data-id=\"11cd6603\" data-element_type=\"section\" data-e-type=\"section\">\n\t\t\t\t\t\t<div class=\"elementor-container elementor-column-gap-default\">\n\t\t\t\t\t<div class=\"elementor-column elementor-col-100 elementor-top-column elementor-element elementor-element-f248646\" data-id=\"f248646\" data-element_type=\"column\" data-e-type=\"column\">\n\t\t\t<div class=\"elementor-widget-wrap elementor-element-populated\">\n\t\t\t\t\t\t<div class=\"elementor-element elementor-element-6ebf482d elementor-widget elementor-widget-heading\" data-id=\"6ebf482d\" data-element_type=\"widget\" data-e-type=\"widget\" data-widget_type=\"heading.default\">\n\t\t\t\t<div class=\"elementor-widget-container\">\n\t\t\t\t\t<h1 class=\"elementor-heading-title elementor-size-default\">Nuestro Liderazgo<\/h1>\t\t\t\t<\/div>\n\t\t\t\t<\/div>\n\t\t\t\t\t<\/div>\n\t\t<\/div>\n\t\t\t\t\t<\/div>\n\t\t<\/section>\n\t\t\t\t<section class=\"elementor-section elementor-top-section elementor-element elementor-element-5a6e4a02 elementor-section-boxed elementor-section-height-default elementor-section-height-default\" data-id=\"5a6e4a02\" data-element_type=\"section\" data-e-type=\"section\">\n\t\t\t\t\t\t<div class=\"elementor-container elementor-column-gap-default\">\n\t\t\t\t\t<div class=\"elementor-column elementor-col-100 elementor-top-column elementor-element elementor-element-66ab2fd1\" data-id=\"66ab2fd1\" data-element_type=\"column\" data-e-type=\"column\">\n\t\t\t<div class=\"elementor-widget-wrap elementor-element-populated\">\n\t\t\t\t\t\t<div class=\"elementor-element elementor-element-3ccbdf7f elementor-widget elementor-widget-text-editor\" data-id=\"3ccbdf7f\" data-element_type=\"widget\" data-e-type=\"widget\" data-widget_type=\"text-editor.default\">\n\t\t\t\t<div class=\"elementor-widget-container\">\n\t\t\t\t\t\t\t\t\t<p><strong>Junta<\/strong>\u00a0<br \/>El Centro de Leyes de Oregon es gobernado por una <a href=\"https:\/\/oregonlawcenter.org\/es\/about-olc\/our-leadership\/olc-board-members\/\">junta de directores<\/a>. M\u00e1s de la mitad de los miembros de la junta son abogados designados por el Estado y asociaciones locales de abogados. Los otros miembros de la junta, que son personas que podr\u00edan ser elegibles para nuestros servicios, son designados por organizaciones basadas en la comunidad y que ayudan a personas de bajos recursos en Oregon. La junta de directores contrata y supervisa al director ejecutivo, establecen las p\u00f3lizas m\u00e1s importantes, aprueban el presupuesto anual y ayudan a proteger los fondos necesarios para operar el Centro de Leyes. La Junta de directores adopta las prioridades de todo el estado y las p\u00f3lizas que se aplican a las prioridades de las oficinas locales. La junta lleva acabo sus negocios en las <a href=\"https:\/\/oregonlawcenter.org\/es\/board-meetings\/\" target=\"_blank\" rel=\"noopener\">reuniones de la junta<\/a>.<\/p><p><strong>Personal de Oficina<\/strong>\u00a0<br \/>Nuestras oficinas son trabajadas por empleados dedicados a servir a los clientes. Nuestro personal refleja la diversidad de Oregon. Ellos son defensores eficaces y con experiencia para ayudar a nuestros clientes. Cada oficina regional tiene un abogado que supervisa al personal, la labor sustantiva de la oficina y el presupuesto de cada oficina.<\/p><p><strong>Unidad de Apoyo Estatal<\/strong>\u00a0<br \/>La Unidad de Apoyo Estatal consiste de cinco abogados experimentados que trabajan en colaboraci\u00f3n con los abogados de las oficinas regionales en todo el estado de Oregon. Ellos asisten, en con junto con otros abogados, en casos importantes, responden a las preguntas de los abogados, crean tribunales ficticios y proveen los servicios legales de m\u00e1s alta calidad. Tambi\u00e9n proporcionan el plan de estudios b\u00e1sico de capacitaci\u00f3n para abogados de servicios legales en el estado de Oregon: educaci\u00f3n para los nuevos abogados, entrenamiento y pr\u00e1ctica de juicio, practica y entrenamiento de la moci\u00f3n, pr\u00e1ctica de descubrimiento, as\u00ed como coordinar grupos de trabajo a nivel estatal para compartir informaci\u00f3n especializada en las leyes de pobreza. Como parte de su trabajo, los abogados supervisan el manejo de casos y el sistema de prioridades de las oficinas locales para asegurar el cumplimiento de las normas a nivel estatal establecidas por la junta.<\/p><p><strong>Administraci\u00f3n<\/strong>\u00a0<br \/>La administraci\u00f3n a nivel estatal del Centro de Leyes de Oregon es suministrada por la Director\/a Ejecutivo\/a, Jefe\/a Funcionario\/a Financiero\/a, Director\/a de Servicios Humanos, Director\/a de Operaciones, y el Especialista Financiero\/a.<\/p>\t\t\t\t\t\t\t\t<\/div>\n\t\t\t\t<\/div>\n\t\t\t\t\t<\/div>\n\t\t<\/div>\n\t\t\t\t\t<\/div>\n\t\t<\/section>\n\t\t\t\t<section class=\"elementor-section elementor-top-section elementor-element elementor-element-1c09f204 elementor-section-boxed elementor-section-height-default elementor-section-height-default\" data-id=\"1c09f204\" data-element_type=\"section\" data-e-type=\"section\">\n\t\t\t\t\t\t<div class=\"elementor-container elementor-column-gap-default\">\n\t\t\t\t\t<div class=\"elementor-column elementor-col-100 elementor-top-column elementor-element elementor-element-5d39a516\" data-id=\"5d39a516\" data-element_type=\"column\" data-e-type=\"column\">\n\t\t\t<div class=\"elementor-widget-wrap elementor-element-populated\">\n\t\t\t\t\t\t<div class=\"elementor-element elementor-element-3c5de550 elementor-align-center elementor-widget elementor-widget-button\" data-id=\"3c5de550\" data-element_type=\"widget\" data-e-type=\"widget\" data-widget_type=\"button.default\">\n\t\t\t\t<div class=\"elementor-widget-container\">\n\t\t\t\t\t\t\t\t\t<div class=\"elementor-button-wrapper\">\n\t\t\t\t\t<a class=\"elementor-button elementor-button-link elementor-size-md\" href=\"https:\/\/oregonlawcenter.org\/es\/how-to-get-help\/find-your-local-office\/\">\n\t\t\t\t\t\t<span class=\"elementor-button-content-wrapper\">\n\t\t\t\t\t\t\t\t\t<span class=\"elementor-button-text\">Encuentre su Oficina Local.<\/span>\n\t\t\t\t\t<\/span>\n\t\t\t\t\t<\/a>\n\t\t\t\t<\/div>\n\t\t\t\t\t\t\t\t<\/div>\n\t\t\t\t<\/div>\n\t\t\t\t\t<\/div>\n\t\t<\/div>\n\t\t\t\t\t<\/div>\n\t\t<\/section>\n\t\t\t\t<section class=\"elementor-section elementor-top-section elementor-element elementor-element-1c3dffb5 elementor-section-full_width elementor-section-height-min-height elementor-section-items-bottom elementor-section-content-bottom elementor-section-stretched elementor-section-height-default\" data-id=\"1c3dffb5\" data-element_type=\"section\" data-e-type=\"section\" data-settings=\"{&quot;background_background&quot;:&quot;classic&quot;,&quot;stretch_section&quot;:&quot;section-stretched&quot;}\">\n\t\t\t\t\t\t<div class=\"elementor-container elementor-column-gap-no\">\n\t\t\t\t\t<div class=\"elementor-column elementor-col-100 elementor-top-column elementor-element elementor-element-7b1d9e6a\" data-id=\"7b1d9e6a\" data-element_type=\"column\" data-e-type=\"column\">\n\t\t\t<div class=\"elementor-widget-wrap\">\n\t\t\t\t\t\t\t<\/div>\n\t\t<\/div>\n\t\t\t\t\t<\/div>\n\t\t<\/section>\n\t\t\t\t<\/div>","protected":false},"excerpt":{"rendered":"<p>Our Leadership Board\u00a0The Oregon Law Center is governed by the board of directors. More than half of the board members are lawyers appointed by State and local bar associations.\u00a0 The client-eligible board members are nominated by community based organizations serving low-income people in Oregon. The board of directors hires and supervises the executive director, sets&hellip;&nbsp;<a href=\"https:\/\/oregonlawcenter.org\/es\/about-olc\/our-leadership\/\" rel=\"bookmark\">Leer m\u00e1s &raquo;<span class=\"screen-reader-text\">Nuestro Liderazgo<\/span><\/a><\/p>","protected":false},"author":1,"featured_media":0,"parent":12,"menu_order":0,"comment_status":"closed","ping_status":"closed","template":"","meta":{"_monsterinsights_skip_tracking":false,"_monsterinsights_sitenote_active":false,"_monsterinsights_sitenote_note":"","_monsterinsights_sitenote_category":0,"neve_meta_sidebar":"","neve_meta_container":"","neve_meta_enable_content_width":"","neve_meta_content_width":70,"neve_meta_title_alignment":"","neve_meta_author_avatar":"","neve_post_elements_order":"","neve_meta_disable_header":"","neve_meta_disable_footer":"","neve_meta_disable_title":"on","footnotes":""},"class_list":["post-337","page","type-page","status-publish","hentry"],"yoast_head":"<!-- This site is optimized with the Yoast SEO plugin v27.4 - https:\/\/yoast.com\/product\/yoast-seo-wordpress\/ -->\n<title>Our Leadership - Oregon Law Center<\/title>\n<meta name=\"robots\" content=\"index, follow, max-snippet:-1, max-image-preview:large, max-video-preview:-1\" \/>\n<link rel=\"canonical\" href=\"https:\/\/oregonlawcenter.org\/es\/about-olc\/our-leadership\/\" \/>\n<meta property=\"og:locale\" content=\"es_ES\" \/>\n<meta property=\"og:type\" content=\"article\" \/>\n<meta property=\"og:title\" content=\"Our Leadership - Oregon Law Center\" \/>\n<meta property=\"og:description\" content=\"Our Leadership Board\u00a0The Oregon Law Center is governed by the board of directors. More than half of the board members are lawyers appointed by State and local bar associations.\u00a0 The client-eligible board members are nominated by community based organizations serving low-income people in Oregon. The board of directors hires and supervises the executive director, sets&hellip;&nbsp;Leer m\u00e1s &raquo;Our Leadership\" \/>\n<meta property=\"og:url\" content=\"https:\/\/oregonlawcenter.org\/es\/about-olc\/our-leadership\/\" \/>\n<meta property=\"og:site_name\" content=\"Oregon Law Center\" \/>\n<meta property=\"article:publisher\" content=\"https:\/\/www.facebook.com\/OregonLawHelp\/\" \/>\n<meta property=\"article:modified_time\" content=\"2025-02-18T23:49:01+00:00\" \/>\n<meta property=\"og:image\" content=\"https:\/\/oregonlawcenter.org\/wp-content\/uploads\/2019\/06\/OLC-logo-text-only.png\" \/>\n\t<meta property=\"og:image:width\" content=\"740\" \/>\n\t<meta property=\"og:image:height\" content=\"288\" \/>\n\t<meta property=\"og:image:type\" content=\"image\/png\" \/>\n<meta name=\"twitter:card\" content=\"summary_large_image\" \/>\n<meta name=\"twitter:label1\" content=\"Tiempo de lectura\" \/>\n\t<meta name=\"twitter:data1\" content=\"2 minutos\" \/>\n<script type=\"application\/ld+json\" class=\"yoast-schema-graph\">{\"@context\":\"https:\\\/\\\/schema.org\",\"@graph\":[{\"@type\":\"WebPage\",\"@id\":\"https:\\\/\\\/oregonlawcenter.org\\\/about-olc\\\/our-leadership\\\/\",\"url\":\"https:\\\/\\\/oregonlawcenter.org\\\/about-olc\\\/our-leadership\\\/\",\"name\":\"Our Leadership - Oregon Law Center\",\"isPartOf\":{\"@id\":\"https:\\\/\\\/oregonlawcenter.org\\\/#website\"},\"datePublished\":\"2019-08-21T21:08:45+00:00\",\"dateModified\":\"2025-02-18T23:49:01+00:00\",\"breadcrumb\":{\"@id\":\"https:\\\/\\\/oregonlawcenter.org\\\/about-olc\\\/our-leadership\\\/#breadcrumb\"},\"inLanguage\":\"es\",\"potentialAction\":[{\"@type\":\"ReadAction\",\"target\":[\"https:\\\/\\\/oregonlawcenter.org\\\/about-olc\\\/our-leadership\\\/\"]}]},{\"@type\":\"BreadcrumbList\",\"@id\":\"https:\\\/\\\/oregonlawcenter.org\\\/about-olc\\\/our-leadership\\\/#breadcrumb\",\"itemListElement\":[{\"@type\":\"ListItem\",\"position\":1,\"name\":\"Home\",\"item\":\"https:\\\/\\\/oregonlawcenter.org\\\/\"},{\"@type\":\"ListItem\",\"position\":2,\"name\":\"About OLC\",\"item\":\"https:\\\/\\\/oregonlawcenter.org\\\/about-olc\\\/\"},{\"@type\":\"ListItem\",\"position\":3,\"name\":\"Our Leadership\"}]},{\"@type\":\"WebSite\",\"@id\":\"https:\\\/\\\/oregonlawcenter.org\\\/#website\",\"url\":\"https:\\\/\\\/oregonlawcenter.org\\\/\",\"name\":\"Oregon Law Center\",\"description\":\"Working together to achieve justice for low income Oregonians.\",\"publisher\":{\"@id\":\"https:\\\/\\\/oregonlawcenter.org\\\/#organization\"},\"potentialAction\":[{\"@type\":\"SearchAction\",\"target\":{\"@type\":\"EntryPoint\",\"urlTemplate\":\"https:\\\/\\\/oregonlawcenter.org\\\/?s={search_term_string}\"},\"query-input\":{\"@type\":\"PropertyValueSpecification\",\"valueRequired\":true,\"valueName\":\"search_term_string\"}}],\"inLanguage\":\"es\"},{\"@type\":\"Organization\",\"@id\":\"https:\\\/\\\/oregonlawcenter.org\\\/#organization\",\"name\":\"Oregon Law Center\",\"url\":\"https:\\\/\\\/oregonlawcenter.org\\\/\",\"logo\":{\"@type\":\"ImageObject\",\"inLanguage\":\"es\",\"@id\":\"https:\\\/\\\/oregonlawcenter.org\\\/#\\\/schema\\\/logo\\\/image\\\/\",\"url\":\"https:\\\/\\\/oregonlawcenter.org\\\/wp-content\\\/uploads\\\/2019\\\/06\\\/OLC-logo-text-only.png\",\"contentUrl\":\"https:\\\/\\\/oregonlawcenter.org\\\/wp-content\\\/uploads\\\/2019\\\/06\\\/OLC-logo-text-only.png\",\"width\":740,\"height\":288,\"caption\":\"Oregon Law Center\"},\"image\":{\"@id\":\"https:\\\/\\\/oregonlawcenter.org\\\/#\\\/schema\\\/logo\\\/image\\\/\"},\"sameAs\":[\"https:\\\/\\\/www.facebook.com\\\/OregonLawHelp\\\/\"]}]}<\/script>\n<!-- \/ Yoast SEO plugin. -->","yoast_head_json":{"title":"Our Leadership - Oregon Law Center","robots":{"index":"index","follow":"follow","max-snippet":"max-snippet:-1","max-image-preview":"max-image-preview:large","max-video-preview":"max-video-preview:-1"},"canonical":"https:\/\/oregonlawcenter.org\/es\/about-olc\/our-leadership\/","og_locale":"es_ES","og_type":"article","og_title":"Our Leadership - Oregon Law Center","og_description":"Our Leadership Board\u00a0The Oregon Law Center is governed by the board of directors. More than half of the board members are lawyers appointed by State and local bar associations.\u00a0 The client-eligible board members are nominated by community based organizations serving low-income people in Oregon. The board of directors hires and supervises the executive director, sets&hellip;&nbsp;Leer m\u00e1s &raquo;Our Leadership","og_url":"https:\/\/oregonlawcenter.org\/es\/about-olc\/our-leadership\/","og_site_name":"Oregon Law Center","article_publisher":"https:\/\/www.facebook.com\/OregonLawHelp\/","article_modified_time":"2025-02-18T23:49:01+00:00","og_image":[{"width":740,"height":288,"url":"https:\/\/oregonlawcenter.org\/wp-content\/uploads\/2019\/06\/OLC-logo-text-only.png","type":"image\/png"}],"twitter_card":"summary_large_image","twitter_misc":{"Tiempo de lectura":"2 minutos"},"schema":{"@context":"https:\/\/schema.org","@graph":[{"@type":"WebPage","@id":"https:\/\/oregonlawcenter.org\/about-olc\/our-leadership\/","url":"https:\/\/oregonlawcenter.org\/about-olc\/our-leadership\/","name":"Our Leadership - Oregon Law Center","isPartOf":{"@id":"https:\/\/oregonlawcenter.org\/#website"},"datePublished":"2019-08-21T21:08:45+00:00","dateModified":"2025-02-18T23:49:01+00:00","breadcrumb":{"@id":"https:\/\/oregonlawcenter.org\/about-olc\/our-leadership\/#breadcrumb"},"inLanguage":"es","potentialAction":[{"@type":"ReadAction","target":["https:\/\/oregonlawcenter.org\/about-olc\/our-leadership\/"]}]},{"@type":"BreadcrumbList","@id":"https:\/\/oregonlawcenter.org\/about-olc\/our-leadership\/#breadcrumb","itemListElement":[{"@type":"ListItem","position":1,"name":"Home","item":"https:\/\/oregonlawcenter.org\/"},{"@type":"ListItem","position":2,"name":"About OLC","item":"https:\/\/oregonlawcenter.org\/about-olc\/"},{"@type":"ListItem","position":3,"name":"Our Leadership"}]},{"@type":"WebSite","@id":"https:\/\/oregonlawcenter.org\/#website","url":"https:\/\/oregonlawcenter.org\/","name":"Centro de Leyes de Oreg\u00f3n","description":"Working together to achieve justice for low income Oregonians.","publisher":{"@id":"https:\/\/oregonlawcenter.org\/#organization"},"potentialAction":[{"@type":"SearchAction","target":{"@type":"EntryPoint","urlTemplate":"https:\/\/oregonlawcenter.org\/?s={search_term_string}"},"query-input":{"@type":"PropertyValueSpecification","valueRequired":true,"valueName":"search_term_string"}}],"inLanguage":"es"},{"@type":"Organization","@id":"https:\/\/oregonlawcenter.org\/#organization","name":"Centro de Leyes de Oreg\u00f3n","url":"https:\/\/oregonlawcenter.org\/","logo":{"@type":"ImageObject","inLanguage":"es","@id":"https:\/\/oregonlawcenter.org\/#\/schema\/logo\/image\/","url":"https:\/\/oregonlawcenter.org\/wp-content\/uploads\/2019\/06\/OLC-logo-text-only.png","contentUrl":"https:\/\/oregonlawcenter.org\/wp-content\/uploads\/2019\/06\/OLC-logo-text-only.png","width":740,"height":288,"caption":"Oregon Law Center"},"image":{"@id":"https:\/\/oregonlawcenter.org\/#\/schema\/logo\/image\/"},"sameAs":["https:\/\/www.facebook.com\/OregonLawHelp\/"]}]}},"_links":{"self":[{"href":"https:\/\/oregonlawcenter.org\/es\/wp-json\/wp\/v2\/pages\/337","targetHints":{"allow":["GET"]}}],"collection":[{"href":"https:\/\/oregonlawcenter.org\/es\/wp-json\/wp\/v2\/pages"}],"about":[{"href":"https:\/\/oregonlawcenter.org\/es\/wp-json\/wp\/v2\/types\/page"}],"author":[{"embeddable":true,"href":"https:\/\/oregonlawcenter.org\/es\/wp-json\/wp\/v2\/users\/1"}],"replies":[{"embeddable":true,"href":"https:\/\/oregonlawcenter.org\/es\/wp-json\/wp\/v2\/comments?post=337"}],"version-history":[{"count":39,"href":"https:\/\/oregonlawcenter.org\/es\/wp-json\/wp\/v2\/pages\/337\/revisions"}],"predecessor-version":[{"id":4249,"href":"https:\/\/oregonlawcenter.org\/es\/wp-json\/wp\/v2\/pages\/337\/revisions\/4249"}],"up":[{"embeddable":true,"href":"https:\/\/oregonlawcenter.org\/es\/wp-json\/wp\/v2\/pages\/12"}],"wp:attachment":[{"href":"https:\/\/oregonlawcenter.org\/es\/wp-json\/wp\/v2\/media?parent=337"}],"curies":[{"name":"wp","href":"https:\/\/api.w.org\/{rel}","templated":true}]}}